{"id":14,"date":"2024-08-28T08:59:25","date_gmt":"2024-08-28T08:59:25","guid":{"rendered":"https:\/\/moncocon.fr\/?page_id=14"},"modified":"2024-09-09T14:35:00","modified_gmt":"2024-09-09T14:35:00","slug":"agence","status":"publish","type":"page","link":"https:\/\/moncocon.fr\/index.php\/agence\/","title":{"rendered":"Agence"},"content":{"rendered":"\t\t<div data-elementor-type=\"wp-page\" data-elementor-id=\"14\" class=\"elementor elementor-14\">\n\t\t\t\t<div class=\"elementor-element elementor-element-1c00b70 e-flex e-con-boxed e-con e-parent\" data-id=\"1c00b70\" data-element_type=\"container\" data-e-type=\"container\">\n\t\t\t\t\t<div class=\"e-con-inner\">\n\t\t\t\t<div class=\"elementor-element elementor-element-a8c5b8d elementor-widget elementor-widget-heading\" data-id=\"a8c5b8d\" data-element_type=\"widget\" data-e-type=\"widget\" data-widget_type=\"heading.default\">\n\t\t\t\t<div class=\"elementor-widget-container\">\n\t\t\t\t\t<h1 class=\"elementor-heading-title elementor-size-default\">L'AGENCE<\/h1>\t\t\t\t<\/div>\n\t\t\t\t<\/div>\n\t\t\t\t<div class=\"elementor-element elementor-element-57e2afb elementor-widget elementor-widget-spacer\" data-id=\"57e2afb\" data-element_type=\"widget\" data-e-type=\"widget\" data-widget_type=\"spacer.default\">\n\t\t\t\t<div class=\"elementor-widget-container\">\n\t\t\t\t\t\t\t<div class=\"elementor-spacer\">\n\t\t\t<div class=\"elementor-spacer-inner\"><\/div>\n\t\t<\/div>\n\t\t\t\t\t\t<\/div>\n\t\t\t\t<\/div>\n\t\t\t\t\t<\/div>\n\t\t\t\t<\/div>\n\t\t<div class=\"elementor-element elementor-element-1474ec6 elementor-hidden-desktop e-flex e-con-boxed e-con e-parent\" data-id=\"1474ec6\" data-element_type=\"container\" data-e-type=\"container\">\n\t\t\t\t\t<div class=\"e-con-inner\">\n\t\t<div class=\"elementor-element elementor-element-7808d5f e-con-full e-flex e-con e-child\" data-id=\"7808d5f\" data-element_type=\"container\" data-e-type=\"container\">\n\t\t\t\t<div class=\"elementor-element elementor-element-4c4138f elementor-widget elementor-widget-image\" data-id=\"4c4138f\" data-element_type=\"widget\" data-e-type=\"widget\" data-widget_type=\"image.default\">\n\t\t\t\t<div class=\"elementor-widget-container\">\n\t\t\t\t\t\t\t\t\t\t\t\t\t\t\t<img fetchpriority=\"high\" decoding=\"async\" width=\"531\" height=\"772\" src=\"https:\/\/moncocon.fr\/wp-content\/uploads\/2024\/09\/Capture-decran-2024-09-04-154614.jpg\" class=\"attachment-large size-large wp-image-1124\" alt=\"\" srcset=\"https:\/\/moncocon.fr\/wp-content\/uploads\/2024\/09\/Capture-decran-2024-09-04-154614.jpg 531w, https:\/\/moncocon.fr\/wp-content\/uploads\/2024\/09\/Capture-decran-2024-09-04-154614-206x300.jpg 206w\" sizes=\"(max-width: 531px) 100vw, 531px\" \/>\t\t\t\t\t\t\t\t\t\t\t\t\t\t\t<\/div>\n\t\t\t\t<\/div>\n\t\t\t\t<\/div>\n\t\t\t\t\t<\/div>\n\t\t\t\t<\/div>\n\t\t<div class=\"elementor-element elementor-element-49151a7 e-flex e-con-boxed e-con e-parent\" data-id=\"49151a7\" data-element_type=\"container\" data-e-type=\"container\">\n\t\t\t\t\t<div class=\"e-con-inner\">\n\t\t<div class=\"elementor-element elementor-element-b3c1d23 e-con-full e-flex e-con e-child\" data-id=\"b3c1d23\" data-element_type=\"container\" data-e-type=\"container\">\n\t\t\t\t<div class=\"elementor-element elementor-element-7aaf8f2 elementor-widget elementor-widget-heading\" data-id=\"7aaf8f2\" data-element_type=\"widget\" data-e-type=\"widget\" data-widget_type=\"heading.default\">\n\t\t\t\t<div class=\"elementor-widget-container\">\n\t\t\t\t\t<h2 class=\"elementor-heading-title elementor-size-default\">LE BUREAU<\/h2>\t\t\t\t<\/div>\n\t\t\t\t<\/div>\n\t\t\t\t<div class=\"elementor-element elementor-element-61de90d elementor-widget__width-initial elementor-widget elementor-widget-text-editor\" data-id=\"61de90d\" data-element_type=\"widget\" data-e-type=\"widget\" data-widget_type=\"text-editor.default\">\n\t\t\t\t<div class=\"elementor-widget-container\">\n\t\t\t\t\t\t\t\t\t<p><span style=\"font-family: space grotesk,sans-serif;\"><span style=\"font-size: 16px;\">Lorem ipsum dolor sit amet, consectetur adipiscing elit, sed do eiusmod tempor incididunt ut labore et dolore magna aliqua. Ut enim ad minim veniam, quis nostrud exercitation ullamco laboris nisi ut aliquip ex ea commodo consequat. Duis aute irure dolor in reprehenderit in voluptate velit esse cillum dolore eu fugiat nulla pariatur. Excepteur sint occaecat cupidatat non proident, sunt in culpa qui officia deserunt mollit anim id est laborum.<\/span><\/span><\/p>\t\t\t\t\t\t\t\t<\/div>\n\t\t\t\t<\/div>\n\t\t\t\t<div class=\"elementor-element elementor-element-0642ef0 elementor-widget elementor-widget-heading\" data-id=\"0642ef0\" data-element_type=\"widget\" data-e-type=\"widget\" data-widget_type=\"heading.default\">\n\t\t\t\t<div class=\"elementor-widget-container\">\n\t\t\t\t\t<h2 class=\"elementor-heading-title elementor-size-default\">L'EQUIPE<\/h2>\t\t\t\t<\/div>\n\t\t\t\t<\/div>\n\t\t<div class=\"elementor-element elementor-element-0ff35b5 e-grid e-con-full elementor-hidden-tablet elementor-hidden-mobile e-con e-child\" data-id=\"0ff35b5\" data-element_type=\"container\" data-e-type=\"container\">\n\t\t\t\t<div class=\"elementor-element elementor-element-d64dbc7 elementor-widget__width-initial elementor-widget elementor-widget-text-editor\" data-id=\"d64dbc7\" data-element_type=\"widget\" data-e-type=\"widget\" data-widget_type=\"text-editor.default\">\n\t\t\t\t<div class=\"elementor-widget-container\">\n\t\t\t\t\t\t\t\t\t<p><span style=\"font-family: space grotesk,sans-serif;\"><span style=\"font-size: 16px;\">Christophe DIDIE<\/span><\/span><span style=\"font-size: 16px;\">R<\/span><\/p>\n<p><span style=\"font-size: 16px;\">Gwendal PORTIER<\/span><\/p>\t\t\t\t\t\t\t\t<\/div>\n\t\t\t\t<\/div>\n\t\t\t\t<div class=\"elementor-element elementor-element-41c0e8e elementor-widget__width-initial elementor-widget elementor-widget-text-editor\" data-id=\"41c0e8e\" data-element_type=\"widget\" data-e-type=\"widget\" data-widget_type=\"text-editor.default\">\n\t\t\t\t<div class=\"elementor-widget-container\">\n\t\t\t\t\t\t\t\t\t<p><span style=\"font-family: space grotesk,sans-serif;\"><span style=\"font-size: 16px;\">directeur et ma\u00eetre d&rsquo;oeuvre<\/span><\/span><\/p><p>dessinateur<\/p>\t\t\t\t\t\t\t\t<\/div>\n\t\t\t\t<\/div>\n\t\t\t\t<\/div>\n\t\t\t\t<div class=\"elementor-element elementor-element-8ba9993 elementor-hidden-tablet elementor-hidden-mobile elementor-widget elementor-widget-heading\" data-id=\"8ba9993\" data-element_type=\"widget\" data-e-type=\"widget\" data-widget_type=\"heading.default\">\n\t\t\t\t<div class=\"elementor-widget-container\">\n\t\t\t\t\t<h2 class=\"elementor-heading-title elementor-size-default\">PARUTIONS<\/h2>\t\t\t\t<\/div>\n\t\t\t\t<\/div>\n\t\t\t\t<div class=\"elementor-element elementor-element-b113eee elementor-widget__width-initial elementor-hidden-tablet elementor-hidden-mobile elementor-widget elementor-widget-text-editor\" data-id=\"b113eee\" data-element_type=\"widget\" data-e-type=\"widget\" data-widget_type=\"text-editor.default\">\n\t\t\t\t<div class=\"elementor-widget-container\">\n\t\t\t\t\t\t\t\t\t<p><span style=\"font-family: space grotesk,sans-serif;\"><span style=\"font-size: 16px;\">France 2 &#8211; Apparition t\u00e9l\u00e9vis\u00e9<\/span><\/span><\/p>\t\t\t\t\t\t\t\t<\/div>\n\t\t\t\t<\/div>\n\t\t\t\t<\/div>\n\t\t<div class=\"elementor-element elementor-element-447d7b7 e-con-full elementor-hidden-tablet elementor-hidden-mobile e-flex e-con e-child\" data-id=\"447d7b7\" data-element_type=\"container\" data-e-type=\"container\">\n\t\t\t\t<div class=\"elementor-element elementor-element-476278b elementor-widget elementor-widget-image\" data-id=\"476278b\" data-element_type=\"widget\" data-e-type=\"widget\" data-widget_type=\"image.default\">\n\t\t\t\t<div class=\"elementor-widget-container\">\n\t\t\t\t\t\t\t\t\t\t\t\t\t\t\t<img fetchpriority=\"high\" decoding=\"async\" width=\"531\" height=\"772\" src=\"https:\/\/moncocon.fr\/wp-content\/uploads\/2024\/09\/Capture-decran-2024-09-04-154614.jpg\" class=\"attachment-large size-large wp-image-1124\" alt=\"\" srcset=\"https:\/\/moncocon.fr\/wp-content\/uploads\/2024\/09\/Capture-decran-2024-09-04-154614.jpg 531w, https:\/\/moncocon.fr\/wp-content\/uploads\/2024\/09\/Capture-decran-2024-09-04-154614-206x300.jpg 206w\" sizes=\"(max-width: 531px) 100vw, 531px\" \/>\t\t\t\t\t\t\t\t\t\t\t\t\t\t\t<\/div>\n\t\t\t\t<\/div>\n\t\t\t\t<\/div>\n\t\t\t\t\t<\/div>\n\t\t\t\t<\/div>\n\t\t<div class=\"elementor-element elementor-element-eb46d10 elementor-hidden-desktop e-flex e-con-boxed e-con e-parent\" data-id=\"eb46d10\" data-element_type=\"container\" data-e-type=\"container\">\n\t\t\t\t\t<div class=\"e-con-inner\">\n\t\t<div class=\"elementor-element elementor-element-366835d e-con-full e-flex e-con e-child\" data-id=\"366835d\" data-element_type=\"container\" data-e-type=\"container\">\n\t\t\t\t<div class=\"elementor-element elementor-element-6e9b100 elementor-widget__width-initial elementor-widget elementor-widget-text-editor\" data-id=\"6e9b100\" data-element_type=\"widget\" data-e-type=\"widget\" data-widget_type=\"text-editor.default\">\n\t\t\t\t<div class=\"elementor-widget-container\">\n\t\t\t\t\t\t\t\t\t<p><span style=\"font-family: space grotesk,sans-serif;\"><span style=\"font-size: 16px;\">Christophe DIDIE<\/span><\/span><span style=\"font-size: 16px;\">R<\/span><\/p>\n<p><span style=\"font-size: 16px;\">Gwendal PORTIER<\/span><\/p>\t\t\t\t\t\t\t\t<\/div>\n\t\t\t\t<\/div>\n\t\t\t\t<\/div>\n\t\t<div class=\"elementor-element elementor-element-daf39e0 e-con-full e-flex e-con e-child\" data-id=\"daf39e0\" data-element_type=\"container\" data-e-type=\"container\">\n\t\t\t\t<div class=\"elementor-element elementor-element-46e5373 elementor-widget__width-initial elementor-widget elementor-widget-text-editor\" data-id=\"46e5373\" data-element_type=\"widget\" data-e-type=\"widget\" data-widget_type=\"text-editor.default\">\n\t\t\t\t<div class=\"elementor-widget-container\">\n\t\t\t\t\t\t\t\t\t<p><span style=\"font-family: space grotesk,sans-serif;\"><span style=\"font-size: 16px;\">directeur et ma\u00eetre d&rsquo;oeuvre<\/span><\/span><\/p><p>dessinateur<\/p>\t\t\t\t\t\t\t\t<\/div>\n\t\t\t\t<\/div>\n\t\t\t\t<\/div>\n\t\t\t\t\t<\/div>\n\t\t\t\t<\/div>\n\t\t<div class=\"elementor-element elementor-element-03e67b2 elementor-hidden-desktop e-flex e-con-boxed e-con e-parent\" data-id=\"03e67b2\" data-element_type=\"container\" data-e-type=\"container\">\n\t\t\t\t\t<div class=\"e-con-inner\">\n\t\t<div class=\"elementor-element elementor-element-b00c3f1 e-con-full e-flex e-con e-child\" data-id=\"b00c3f1\" data-element_type=\"container\" data-e-type=\"container\">\n\t\t\t\t<div class=\"elementor-element elementor-element-979931a elementor-widget elementor-widget-heading\" data-id=\"979931a\" data-element_type=\"widget\" data-e-type=\"widget\" data-widget_type=\"heading.default\">\n\t\t\t\t<div class=\"elementor-widget-container\">\n\t\t\t\t\t<h2 class=\"elementor-heading-title elementor-size-default\">PARUTIONS<\/h2>\t\t\t\t<\/div>\n\t\t\t\t<\/div>\n\t\t\t\t<div class=\"elementor-element elementor-element-dfc2ab9 elementor-widget__width-initial elementor-hidden-tablet elementor-widget elementor-widget-text-editor\" data-id=\"dfc2ab9\" data-element_type=\"widget\" data-e-type=\"widget\" data-widget_type=\"text-editor.default\">\n\t\t\t\t<div class=\"elementor-widget-container\">\n\t\t\t\t\t\t\t\t\t<p><span style=\"font-family: space grotesk,sans-serif;\"><span style=\"font-size: 16px;\">France 2 &#8211; Apparition t\u00e9l\u00e9vis\u00e9<\/span><\/span><\/p>\t\t\t\t\t\t\t\t<\/div>\n\t\t\t\t<\/div>\n\t\t\t\t<\/div>\n\t\t\t\t\t<\/div>\n\t\t\t\t<\/div>\n\t\t\t\t<\/div>\n\t\t","protected":false},"excerpt":{"rendered":"<p>L&rsquo;AGENCE LE BUREAU Lorem ipsum dolor sit amet, consectetur adipiscing elit, sed do eiusmod tempor incididunt ut labore et dolore magna aliqua. Ut enim ad minim veniam, quis nostrud exercitation ullamco laboris nisi ut aliquip ex ea commodo consequat. Duis aute irure dolor in reprehenderit in voluptate velit esse cillum dolore eu fugiat nulla pariatur. [&hellip;]<\/p>\n","protected":false},"author":2,"featured_media":0,"parent":0,"menu_order":0,"comment_status":"closed","ping_status":"closed","template":"","meta":{"_themeisle_gutenberg_block_has_review":false,"footnotes":""},"class_list":["post-14","page","type-page","status-publish","hentry","entry"],"yoast_head":"<!-- This site is optimized with the Yoast SEO plugin v27.5 - https:\/\/yoast.com\/product\/yoast-seo-wordpress\/ -->\n<title>Mon CoCon | Agence<\/title>\n<meta name=\"robots\" content=\"index, follow, max-snippet:-1, max-image-preview:large, max-video-preview:-1\" \/>\n<link rel=\"canonical\" href=\"https:\/\/moncocon.fr\/index.php\/agence\/\" \/>\n<meta property=\"og:locale\" content=\"fr_FR\" \/>\n<meta property=\"og:type\" content=\"article\" \/>\n<meta property=\"og:title\" content=\"Mon CoCon | Agence\" \/>\n<meta property=\"og:description\" content=\"L&rsquo;AGENCE LE BUREAU Lorem ipsum dolor sit amet, consectetur adipiscing elit, sed do eiusmod tempor incididunt ut labore et dolore magna aliqua. Ut enim ad minim veniam, quis nostrud exercitation ullamco laboris nisi ut aliquip ex ea commodo consequat. Duis aute irure dolor in reprehenderit in voluptate velit esse cillum dolore eu fugiat nulla pariatur. [&hellip;]\" \/>\n<meta property=\"og:url\" content=\"https:\/\/moncocon.fr\/index.php\/agence\/\" \/>\n<meta property=\"og:site_name\" content=\"Mon CoCon\" \/>\n<meta property=\"article:modified_time\" content=\"2024-09-09T14:35:00+00:00\" \/>\n<meta property=\"og:image\" content=\"https:\/\/moncocon.fr\/wp-content\/uploads\/2024\/09\/Capture-decran-2024-09-04-154614.jpg\" \/>\n<meta name=\"twitter:card\" content=\"summary_large_image\" \/>\n<meta name=\"twitter:label1\" content=\"Dur\u00e9e de lecture estim\u00e9e\" \/>\n\t<meta name=\"twitter:data1\" content=\"1 minute\" \/>\n<script type=\"application\/ld+json\" class=\"yoast-schema-graph\">{\"@context\":\"https:\\\/\\\/schema.org\",\"@graph\":[{\"@type\":\"WebPage\",\"@id\":\"https:\\\/\\\/moncocon.fr\\\/index.php\\\/agence\\\/\",\"url\":\"https:\\\/\\\/moncocon.fr\\\/index.php\\\/agence\\\/\",\"name\":\"Mon CoCon | Agence\",\"isPartOf\":{\"@id\":\"https:\\\/\\\/moncocon.fr\\\/#website\"},\"primaryImageOfPage\":{\"@id\":\"https:\\\/\\\/moncocon.fr\\\/index.php\\\/agence\\\/#primaryimage\"},\"image\":{\"@id\":\"https:\\\/\\\/moncocon.fr\\\/index.php\\\/agence\\\/#primaryimage\"},\"thumbnailUrl\":\"https:\\\/\\\/moncocon.fr\\\/wp-content\\\/uploads\\\/2024\\\/09\\\/Capture-decran-2024-09-04-154614.jpg\",\"datePublished\":\"2024-08-28T08:59:25+00:00\",\"dateModified\":\"2024-09-09T14:35:00+00:00\",\"breadcrumb\":{\"@id\":\"https:\\\/\\\/moncocon.fr\\\/index.php\\\/agence\\\/#breadcrumb\"},\"inLanguage\":\"fr-FR\",\"potentialAction\":[{\"@type\":\"ReadAction\",\"target\":[\"https:\\\/\\\/moncocon.fr\\\/index.php\\\/agence\\\/\"]}]},{\"@type\":\"ImageObject\",\"inLanguage\":\"fr-FR\",\"@id\":\"https:\\\/\\\/moncocon.fr\\\/index.php\\\/agence\\\/#primaryimage\",\"url\":\"https:\\\/\\\/moncocon.fr\\\/wp-content\\\/uploads\\\/2024\\\/09\\\/Capture-decran-2024-09-04-154614.jpg\",\"contentUrl\":\"https:\\\/\\\/moncocon.fr\\\/wp-content\\\/uploads\\\/2024\\\/09\\\/Capture-decran-2024-09-04-154614.jpg\",\"width\":531,\"height\":772},{\"@type\":\"BreadcrumbList\",\"@id\":\"https:\\\/\\\/moncocon.fr\\\/index.php\\\/agence\\\/#breadcrumb\",\"itemListElement\":[{\"@type\":\"ListItem\",\"position\":1,\"name\":\"Accueil\",\"item\":\"https:\\\/\\\/moncocon.fr\\\/\"},{\"@type\":\"ListItem\",\"position\":2,\"name\":\"Agence\"}]},{\"@type\":\"WebSite\",\"@id\":\"https:\\\/\\\/moncocon.fr\\\/#website\",\"url\":\"https:\\\/\\\/moncocon.fr\\\/\",\"name\":\"Mon CoCon\",\"description\":\"Ma\u00eetre d \u0153uvre sur Bordeaux\",\"publisher\":{\"@id\":\"https:\\\/\\\/moncocon.fr\\\/#organization\"},\"potentialAction\":[{\"@type\":\"SearchAction\",\"target\":{\"@type\":\"EntryPoint\",\"urlTemplate\":\"https:\\\/\\\/moncocon.fr\\\/?s={search_term_string}\"},\"query-input\":{\"@type\":\"PropertyValueSpecification\",\"valueRequired\":true,\"valueName\":\"search_term_string\"}}],\"inLanguage\":\"fr-FR\"},{\"@type\":\"Organization\",\"@id\":\"https:\\\/\\\/moncocon.fr\\\/#organization\",\"name\":\"Mon CoCon\",\"url\":\"https:\\\/\\\/moncocon.fr\\\/\",\"logo\":{\"@type\":\"ImageObject\",\"inLanguage\":\"fr-FR\",\"@id\":\"https:\\\/\\\/moncocon.fr\\\/#\\\/schema\\\/logo\\\/image\\\/\",\"url\":\"https:\\\/\\\/moncocon.fr\\\/wp-content\\\/uploads\\\/2024\\\/08\\\/moncocon_logo.jpg\",\"contentUrl\":\"https:\\\/\\\/moncocon.fr\\\/wp-content\\\/uploads\\\/2024\\\/08\\\/moncocon_logo.jpg\",\"width\":512,\"height\":512,\"caption\":\"Mon CoCon\"},\"image\":{\"@id\":\"https:\\\/\\\/moncocon.fr\\\/#\\\/schema\\\/logo\\\/image\\\/\"}}]}<\/script>\n<!-- \/ Yoast SEO plugin. -->","yoast_head_json":{"title":"Mon CoCon | Agence","robots":{"index":"index","follow":"follow","max-snippet":"max-snippet:-1","max-image-preview":"max-image-preview:large","max-video-preview":"max-video-preview:-1"},"canonical":"https:\/\/moncocon.fr\/index.php\/agence\/","og_locale":"fr_FR","og_type":"article","og_title":"Mon CoCon | Agence","og_description":"L&rsquo;AGENCE LE BUREAU Lorem ipsum dolor sit amet, consectetur adipiscing elit, sed do eiusmod tempor incididunt ut labore et dolore magna aliqua. Ut enim ad minim veniam, quis nostrud exercitation ullamco laboris nisi ut aliquip ex ea commodo consequat. Duis aute irure dolor in reprehenderit in voluptate velit esse cillum dolore eu fugiat nulla pariatur. [&hellip;]","og_url":"https:\/\/moncocon.fr\/index.php\/agence\/","og_site_name":"Mon CoCon","article_modified_time":"2024-09-09T14:35:00+00:00","og_image":[{"url":"https:\/\/moncocon.fr\/wp-content\/uploads\/2024\/09\/Capture-decran-2024-09-04-154614.jpg","type":"","width":"","height":""}],"twitter_card":"summary_large_image","twitter_misc":{"Dur\u00e9e de lecture estim\u00e9e":"1 minute"},"schema":{"@context":"https:\/\/schema.org","@graph":[{"@type":"WebPage","@id":"https:\/\/moncocon.fr\/index.php\/agence\/","url":"https:\/\/moncocon.fr\/index.php\/agence\/","name":"Mon CoCon | Agence","isPartOf":{"@id":"https:\/\/moncocon.fr\/#website"},"primaryImageOfPage":{"@id":"https:\/\/moncocon.fr\/index.php\/agence\/#primaryimage"},"image":{"@id":"https:\/\/moncocon.fr\/index.php\/agence\/#primaryimage"},"thumbnailUrl":"https:\/\/moncocon.fr\/wp-content\/uploads\/2024\/09\/Capture-decran-2024-09-04-154614.jpg","datePublished":"2024-08-28T08:59:25+00:00","dateModified":"2024-09-09T14:35:00+00:00","breadcrumb":{"@id":"https:\/\/moncocon.fr\/index.php\/agence\/#breadcrumb"},"inLanguage":"fr-FR","potentialAction":[{"@type":"ReadAction","target":["https:\/\/moncocon.fr\/index.php\/agence\/"]}]},{"@type":"ImageObject","inLanguage":"fr-FR","@id":"https:\/\/moncocon.fr\/index.php\/agence\/#primaryimage","url":"https:\/\/moncocon.fr\/wp-content\/uploads\/2024\/09\/Capture-decran-2024-09-04-154614.jpg","contentUrl":"https:\/\/moncocon.fr\/wp-content\/uploads\/2024\/09\/Capture-decran-2024-09-04-154614.jpg","width":531,"height":772},{"@type":"BreadcrumbList","@id":"https:\/\/moncocon.fr\/index.php\/agence\/#breadcrumb","itemListElement":[{"@type":"ListItem","position":1,"name":"Accueil","item":"https:\/\/moncocon.fr\/"},{"@type":"ListItem","position":2,"name":"Agence"}]},{"@type":"WebSite","@id":"https:\/\/moncocon.fr\/#website","url":"https:\/\/moncocon.fr\/","name":"Mon CoCon","description":"Ma\u00eetre d \u0153uvre sur Bordeaux","publisher":{"@id":"https:\/\/moncocon.fr\/#organization"},"potentialAction":[{"@type":"SearchAction","target":{"@type":"EntryPoint","urlTemplate":"https:\/\/moncocon.fr\/?s={search_term_string}"},"query-input":{"@type":"PropertyValueSpecification","valueRequired":true,"valueName":"search_term_string"}}],"inLanguage":"fr-FR"},{"@type":"Organization","@id":"https:\/\/moncocon.fr\/#organization","name":"Mon CoCon","url":"https:\/\/moncocon.fr\/","logo":{"@type":"ImageObject","inLanguage":"fr-FR","@id":"https:\/\/moncocon.fr\/#\/schema\/logo\/image\/","url":"https:\/\/moncocon.fr\/wp-content\/uploads\/2024\/08\/moncocon_logo.jpg","contentUrl":"https:\/\/moncocon.fr\/wp-content\/uploads\/2024\/08\/moncocon_logo.jpg","width":512,"height":512,"caption":"Mon CoCon"},"image":{"@id":"https:\/\/moncocon.fr\/#\/schema\/logo\/image\/"}}]}},"_links":{"self":[{"href":"https:\/\/moncocon.fr\/index.php\/wp-json\/wp\/v2\/pages\/14","targetHints":{"allow":["GET"]}}],"collection":[{"href":"https:\/\/moncocon.fr\/index.php\/wp-json\/wp\/v2\/pages"}],"about":[{"href":"https:\/\/moncocon.fr\/index.php\/wp-json\/wp\/v2\/types\/page"}],"author":[{"embeddable":true,"href":"https:\/\/moncocon.fr\/index.php\/wp-json\/wp\/v2\/users\/2"}],"replies":[{"embeddable":true,"href":"https:\/\/moncocon.fr\/index.php\/wp-json\/wp\/v2\/comments?post=14"}],"version-history":[{"count":22,"href":"https:\/\/moncocon.fr\/index.php\/wp-json\/wp\/v2\/pages\/14\/revisions"}],"predecessor-version":[{"id":1394,"href":"https:\/\/moncocon.fr\/index.php\/wp-json\/wp\/v2\/pages\/14\/revisions\/1394"}],"wp:attachment":[{"href":"https:\/\/moncocon.fr\/index.php\/wp-json\/wp\/v2\/media?parent=14"}],"curies":[{"name":"wp","href":"https:\/\/api.w.org\/{rel}","templated":true}]}}