{"id":12,"date":"2024-08-28T08:59:04","date_gmt":"2024-08-28T08:59:04","guid":{"rendered":"https:\/\/moncocon.fr\/?page_id=12"},"modified":"2024-11-26T08:02:22","modified_gmt":"2024-11-26T08:02:22","slug":"services","status":"publish","type":"page","link":"https:\/\/moncocon.fr\/index.php\/services\/","title":{"rendered":"Services"},"content":{"rendered":"\t\t<div data-elementor-type=\"wp-page\" data-elementor-id=\"12\" class=\"elementor elementor-12\">\n\t\t\t\t<div class=\"elementor-element elementor-element-63a3d86 e-flex e-con-boxed e-con e-parent\" data-id=\"63a3d86\" data-element_type=\"container\" data-e-type=\"container\">\n\t\t\t\t\t<div class=\"e-con-inner\">\n\t\t\t\t<div class=\"elementor-element elementor-element-d38db9b elementor-widget elementor-widget-heading\" data-id=\"d38db9b\" data-element_type=\"widget\" data-e-type=\"widget\" data-widget_type=\"heading.default\">\n\t\t\t\t<div class=\"elementor-widget-container\">\n\t\t\t\t\t<h1 class=\"elementor-heading-title elementor-size-default\">NOS SERVICES<\/h1>\t\t\t\t<\/div>\n\t\t\t\t<\/div>\n\t\t\t\t<div class=\"elementor-element elementor-element-8b48d7b elementor-widget elementor-widget-spacer\" data-id=\"8b48d7b\" data-element_type=\"widget\" data-e-type=\"widget\" data-widget_type=\"spacer.default\">\n\t\t\t\t<div class=\"elementor-widget-container\">\n\t\t\t\t\t\t\t<div class=\"elementor-spacer\">\n\t\t\t<div class=\"elementor-spacer-inner\"><\/div>\n\t\t<\/div>\n\t\t\t\t\t\t<\/div>\n\t\t\t\t<\/div>\n\t\t\t\t\t<\/div>\n\t\t\t\t<\/div>\n\t\t<div class=\"elementor-element elementor-element-da71fe3 e-flex e-con-boxed e-con e-parent\" data-id=\"da71fe3\" data-element_type=\"container\" data-e-type=\"container\">\n\t\t\t\t\t<div class=\"e-con-inner\">\n\t\t<div class=\"elementor-element elementor-element-a0762e1 e-con-full e-flex e-con e-child\" data-id=\"a0762e1\" data-element_type=\"container\" data-e-type=\"container\">\n\t\t\t\t<div class=\"elementor-element elementor-element-441d91e elementor-widget elementor-widget-heading\" data-id=\"441d91e\" data-element_type=\"widget\" data-e-type=\"widget\" data-widget_type=\"heading.default\">\n\t\t\t\t<div class=\"elementor-widget-container\">\n\t\t\t\t\t<h1 class=\"elementor-heading-title elementor-size-default\">01<\/h1>\t\t\t\t<\/div>\n\t\t\t\t<\/div>\n\t\t\t\t<div class=\"elementor-element elementor-element-98fd792 elementor-widget elementor-widget-heading\" data-id=\"98fd792\" data-element_type=\"widget\" data-e-type=\"widget\" data-widget_type=\"heading.default\">\n\t\t\t\t<div class=\"elementor-widget-container\">\n\t\t\t\t\t<h2 class=\"elementor-heading-title elementor-size-default\">ETUDE<\/h2>\t\t\t\t<\/div>\n\t\t\t\t<\/div>\n\t\t\t\t<\/div>\n\t\t<div class=\"elementor-element elementor-element-49dda46 e-con-full e-flex e-con e-child\" data-id=\"49dda46\" data-element_type=\"container\" data-e-type=\"container\">\n\t\t\t\t<div class=\"elementor-element elementor-element-c62aa20 elementor-widget elementor-widget-heading\" data-id=\"c62aa20\" data-element_type=\"widget\" data-e-type=\"widget\" data-widget_type=\"heading.default\">\n\t\t\t\t<div class=\"elementor-widget-container\">\n\t\t\t\t\t<h2 class=\"elementor-heading-title elementor-size-default\">Etude pr\u00e9liminaire et esquisse<\/h2>\t\t\t\t<\/div>\n\t\t\t\t<\/div>\n\t\t\t\t<div class=\"elementor-element elementor-element-e70d315 elementor-widget elementor-widget-text-editor\" data-id=\"e70d315\" data-element_type=\"widget\" data-e-type=\"widget\" data-widget_type=\"text-editor.default\">\n\t\t\t\t<div class=\"elementor-widget-container\">\n\t\t\t\t\t\t\t\t\t<p><span style=\"font-family: space grotesk,sans-serif;\"><span style=\"font-size: 15px;\">Premiers rendez-vous avec clients pour \u00e9tablir le cadre du projet, d\u00e9finir les besoins, le budget pr\u00e9visionnel, le planning. Relev\u00e9 de l\u2019existant. Mise au propre de relev\u00e9 de l\u2019existant, plans, coupes, fa\u00e7ades au format informatique et \u00e9ventuellement un mod\u00e8le de travail en 3D blanc. Production d\u2019un dossier esquisse avec plusieurs propositions et variantes bas\u00e9es sur le programme d\u00e9fini par nos clients.<\/span><\/span><\/p>\t\t\t\t\t\t\t\t<\/div>\n\t\t\t\t<\/div>\n\t\t\t\t<\/div>\n\t\t<div class=\"elementor-element elementor-element-887535e e-con-full e-flex e-con e-child\" data-id=\"887535e\" data-element_type=\"container\" data-e-type=\"container\">\n\t\t\t\t<div class=\"elementor-element elementor-element-178c5bb elementor-widget elementor-widget-spacer\" data-id=\"178c5bb\" data-element_type=\"widget\" data-e-type=\"widget\" data-widget_type=\"spacer.default\">\n\t\t\t\t<div class=\"elementor-widget-container\">\n\t\t\t\t\t\t\t<div class=\"elementor-spacer\">\n\t\t\t<div class=\"elementor-spacer-inner\"><\/div>\n\t\t<\/div>\n\t\t\t\t\t\t<\/div>\n\t\t\t\t<\/div>\n\t\t\t\t<\/div>\n\t\t\t\t\t<\/div>\n\t\t\t\t<\/div>\n\t\t<div class=\"elementor-element elementor-element-e781103 e-flex e-con-boxed e-con e-parent\" data-id=\"e781103\" data-element_type=\"container\" data-e-type=\"container\">\n\t\t\t\t\t<div class=\"e-con-inner\">\n\t\t<div class=\"elementor-element elementor-element-c9cc574 e-con-full e-flex e-con e-child\" data-id=\"c9cc574\" data-element_type=\"container\" data-e-type=\"container\">\n\t\t\t\t<div class=\"elementor-element elementor-element-5d90e1e elementor-widget elementor-widget-heading\" data-id=\"5d90e1e\" data-element_type=\"widget\" data-e-type=\"widget\" data-widget_type=\"heading.default\">\n\t\t\t\t<div class=\"elementor-widget-container\">\n\t\t\t\t\t<h2 class=\"elementor-heading-title elementor-size-default\">02<\/h2>\t\t\t\t<\/div>\n\t\t\t\t<\/div>\n\t\t\t\t<div class=\"elementor-element elementor-element-d87763c elementor-widget elementor-widget-heading\" data-id=\"d87763c\" data-element_type=\"widget\" data-e-type=\"widget\" data-widget_type=\"heading.default\">\n\t\t\t\t<div class=\"elementor-widget-container\">\n\t\t\t\t\t<h2 class=\"elementor-heading-title elementor-size-default\">CONCEPTION<\/h2>\t\t\t\t<\/div>\n\t\t\t\t<\/div>\n\t\t\t\t<\/div>\n\t\t<div class=\"elementor-element elementor-element-22d7041 e-con-full e-flex e-con e-child\" data-id=\"22d7041\" data-element_type=\"container\" data-e-type=\"container\">\n\t\t\t\t<div class=\"elementor-element elementor-element-5a73d5c elementor-widget elementor-widget-heading\" data-id=\"5a73d5c\" data-element_type=\"widget\" data-e-type=\"widget\" data-widget_type=\"heading.default\">\n\t\t\t\t<div class=\"elementor-widget-container\">\n\t\t\t\t\t<h2 class=\"elementor-heading-title elementor-size-default\">Avant-Projet D\u00e9finitif<\/h2>\t\t\t\t<\/div>\n\t\t\t\t<\/div>\n\t\t\t\t<div class=\"elementor-element elementor-element-6c505a4 elementor-widget elementor-widget-text-editor\" data-id=\"6c505a4\" data-element_type=\"widget\" data-e-type=\"widget\" data-widget_type=\"text-editor.default\">\n\t\t\t\t<div class=\"elementor-widget-container\">\n\t\t\t\t\t\t\t\t\t<p><span style=\"font-family: space grotesk,sans-serif;\">Sur la base de l\u2019esquisse ajust\u00e9e et valid\u00e9e, nous produisons un dossier d\u2019avant-projet d\u00e9finitif. Ce dossier comprend des dessins en plan et en coupe en \u00e9chelle 1\/100, et dessins des d\u00e9tails significatifs \u00e0 l\u2019\u00e9chelle 1\/50.<br \/>Nous organisons des r\u00e9unions de travail interm\u00e9diaire) avec nos clients et nos bureaux d\u2019\u00e9tudes quand besoin. Nous r\u00e9alisons un pr\u00e9-chiffrage.<\/span><\/p>\t\t\t\t\t\t\t\t<\/div>\n\t\t\t\t<\/div>\n\t\t\t\t<div class=\"elementor-element elementor-element-5946a13 elementor-widget elementor-widget-heading\" data-id=\"5946a13\" data-element_type=\"widget\" data-e-type=\"widget\" data-widget_type=\"heading.default\">\n\t\t\t\t<div class=\"elementor-widget-container\">\n\t\t\t\t\t<h2 class=\"elementor-heading-title elementor-size-default\"><span style=\"font-weight:bold\"><span style=\"font-family:space grotesk,sans-serif\">Dossier de D\u00e9claration de travaux ou Permis de Construire&nbsp;<\/span><\/span><\/h2>\t\t\t\t<\/div>\n\t\t\t\t<\/div>\n\t\t\t\t<div class=\"elementor-element elementor-element-c2aa332 elementor-widget elementor-widget-text-editor\" data-id=\"c2aa332\" data-element_type=\"widget\" data-e-type=\"widget\" data-widget_type=\"text-editor.default\">\n\t\t\t\t<div class=\"elementor-widget-container\">\n\t\t\t\t\t\t\t\t\t<p><span style=\"font-family: space grotesk,sans-serif;\">Nous nous occupons de toutes les pi\u00e8ces n\u00e9cessaires pour la d\u00e9claration de travaux ou le permis de construire du projet. Nous prenons, si besoin ,rendez-vous avec les architectes de la ville pour pr\u00e9senter le projet avant d\u00e9p\u00f4t et nous suivons l\u2019instruction jusqu\u2019\u00e0 sa validation.\u00a0<\/span><span style=\"font-family: space grotesk,sans-serif;\"><br \/><\/span><\/p>\t\t\t\t\t\t\t\t<\/div>\n\t\t\t\t<\/div>\n\t\t\t\t<div class=\"elementor-element elementor-element-9782c53 elementor-widget elementor-widget-heading\" data-id=\"9782c53\" data-element_type=\"widget\" data-e-type=\"widget\" data-widget_type=\"heading.default\">\n\t\t\t\t<div class=\"elementor-widget-container\">\n\t\t\t\t\t<h2 class=\"elementor-heading-title elementor-size-default\"><span style=\"font-weight:bold\"><span style=\"font-family:space grotesk,sans-serif\">Dossier de Consultation des Entreprises&nbsp;<\/span><\/span><\/h2>\t\t\t\t<\/div>\n\t\t\t\t<\/div>\n\t\t\t\t<div class=\"elementor-element elementor-element-7604ce3 elementor-widget elementor-widget-text-editor\" data-id=\"7604ce3\" data-element_type=\"widget\" data-e-type=\"widget\" data-widget_type=\"text-editor.default\">\n\t\t\t\t<div class=\"elementor-widget-container\">\n\t\t\t\t\t\t\t\t\t<p><span style=\"font-family: space grotesk,sans-serif;\">Sur la base du dossier APD valid\u00e9 par nos clients, nous produisons un dossier destin\u00e9 \u00e0 la consultation des entreprises. Ce dossier comprend toutes les pi\u00e8ces graphiques et \u00e9crites pour la parfaite compr\u00e9hension du projet valid\u00e9. Il d\u00e9crit tous les \u00e9l\u00e9ments de la construction, la nature et les caract\u00e9ristiques de tous les \u00e9l\u00e9ments de structure et de tous les \u00e9quipements techniques. Il pr\u00e9cise les trac\u00e9s des implantations et \u00e9vacuations de tous les fluides (\u00e9lectricit\u00e9, eau et chauffage). Il pr\u00e9cise \u00e9galement tous les mat\u00e9riaux et traitement de toutes les surfaces concern\u00e9es par les travaux.<\/span><span style=\"font-family: space grotesk,sans-serif;\"><br \/><\/span><\/p>\t\t\t\t\t\t\t\t<\/div>\n\t\t\t\t<\/div>\n\t\t\t\t<div class=\"elementor-element elementor-element-4a9e228 elementor-widget elementor-widget-spacer\" data-id=\"4a9e228\" data-element_type=\"widget\" data-e-type=\"widget\" data-widget_type=\"spacer.default\">\n\t\t\t\t<div class=\"elementor-widget-container\">\n\t\t\t\t\t\t\t<div class=\"elementor-spacer\">\n\t\t\t<div class=\"elementor-spacer-inner\"><\/div>\n\t\t<\/div>\n\t\t\t\t\t\t<\/div>\n\t\t\t\t<\/div>\n\t\t\t\t<\/div>\n\t\t\t\t\t<\/div>\n\t\t\t\t<\/div>\n\t\t<div class=\"elementor-element elementor-element-c483d97 e-flex e-con-boxed e-con e-parent\" data-id=\"c483d97\" data-element_type=\"container\" data-e-type=\"container\">\n\t\t\t\t\t<div class=\"e-con-inner\">\n\t\t<div class=\"elementor-element elementor-element-1a13f8e e-con-full e-flex e-con e-child\" data-id=\"1a13f8e\" data-element_type=\"container\" data-e-type=\"container\">\n\t\t\t\t<div class=\"elementor-element elementor-element-1cd94e8 elementor-widget elementor-widget-heading\" data-id=\"1cd94e8\" data-element_type=\"widget\" data-e-type=\"widget\" data-widget_type=\"heading.default\">\n\t\t\t\t<div class=\"elementor-widget-container\">\n\t\t\t\t\t<h2 class=\"elementor-heading-title elementor-size-default\">03<\/h2>\t\t\t\t<\/div>\n\t\t\t\t<\/div>\n\t\t\t\t<div class=\"elementor-element elementor-element-fd931c5 elementor-widget elementor-widget-heading\" data-id=\"fd931c5\" data-element_type=\"widget\" data-e-type=\"widget\" data-widget_type=\"heading.default\">\n\t\t\t\t<div class=\"elementor-widget-container\">\n\t\t\t\t\t<h2 class=\"elementor-heading-title elementor-size-default\">REALISATION<\/h2>\t\t\t\t<\/div>\n\t\t\t\t<\/div>\n\t\t\t\t<\/div>\n\t\t<div class=\"elementor-element elementor-element-5760e11 e-con-full e-flex e-con e-child\" data-id=\"5760e11\" data-element_type=\"container\" data-e-type=\"container\">\n\t\t\t\t<div class=\"elementor-element elementor-element-c5ae340 elementor-widget elementor-widget-heading\" data-id=\"c5ae340\" data-element_type=\"widget\" data-e-type=\"widget\" data-widget_type=\"heading.default\">\n\t\t\t\t<div class=\"elementor-widget-container\">\n\t\t\t\t\t<h2 class=\"elementor-heading-title elementor-size-default\"><span style=\"font-weight:bold\"><span style=\"font-family:space grotesk,sans-serif\">Analyse des offres&nbsp;<\/span><\/span><\/h2>\t\t\t\t<\/div>\n\t\t\t\t<\/div>\n\t\t\t\t<div class=\"elementor-element elementor-element-faf5f30 elementor-widget elementor-widget-text-editor\" data-id=\"faf5f30\" data-element_type=\"widget\" data-e-type=\"widget\" data-widget_type=\"text-editor.default\">\n\t\t\t\t<div class=\"elementor-widget-container\">\n\t\t\t\t\t\t\t\t\t<p><span style=\"font-family: space grotesk,sans-serif;\">Nous assisterons nos clients sur l\u2019analyse des offres (devis) remis par les entreprises et v\u00e9rifierons que l\u2019offre correspond parfaitement \u00e0 notre demande. Nous \u00e9tablissons un chiffrage global bas\u00e9 sur les offres, proposons des variantes ou ajustements si besoin, et validons ensuite le march\u00e9 de travaux avec nos clients.<\/span><span style=\"font-family: space grotesk,sans-serif;\"><br \/><\/span><\/p>\t\t\t\t\t\t\t\t<\/div>\n\t\t\t\t<\/div>\n\t\t\t\t<div class=\"elementor-element elementor-element-7388ac5 elementor-widget elementor-widget-heading\" data-id=\"7388ac5\" data-element_type=\"widget\" data-e-type=\"widget\" data-widget_type=\"heading.default\">\n\t\t\t\t<div class=\"elementor-widget-container\">\n\t\t\t\t\t<h2 class=\"elementor-heading-title elementor-size-default\"><span style=\"font-weight:bold\"><span style=\"font-family:space grotesk,sans-serif\">March\u00e9s de Travaux<\/span><\/span><\/h2>\t\t\t\t<\/div>\n\t\t\t\t<\/div>\n\t\t\t\t<div class=\"elementor-element elementor-element-adb1fdc elementor-widget elementor-widget-text-editor\" data-id=\"adb1fdc\" data-element_type=\"widget\" data-e-type=\"widget\" data-widget_type=\"text-editor.default\">\n\t\t\t\t<div class=\"elementor-widget-container\">\n\t\t\t\t\t\t\t\t\t<p><span style=\"font-family: space grotesk,sans-serif;\">Nous \u00e9tablissons sur la base de l\u2019analyse des offres valid\u00e9es par nos clients le dossier March\u00e9 de Travaux. Ce dossier sera r\u00e9alis\u00e9 sur la base du dossier Consultation des entreprises avec les modifications \u00e9ventuelles int\u00e9gr\u00e9es. Nous \u00e9tablissons \u00e9galement les pi\u00e8ces \u00e9crites contractuelles pour signature (CCTP, ordre de services et planning) pour assurer le bon d\u00e9roulement du chantier.<\/span><span style=\"font-family: space grotesk,sans-serif;\"><br \/><\/span><\/p>\t\t\t\t\t\t\t\t<\/div>\n\t\t\t\t<\/div>\n\t\t\t\t<div class=\"elementor-element elementor-element-783599c elementor-widget elementor-widget-heading\" data-id=\"783599c\" data-element_type=\"widget\" data-e-type=\"widget\" data-widget_type=\"heading.default\">\n\t\t\t\t<div class=\"elementor-widget-container\">\n\t\t\t\t\t<h2 class=\"elementor-heading-title elementor-size-default\"><span style=\"font-weight:bold\"><span style=\"font-family:space grotesk,sans-serif\">Direction de l\u2019ex\u00e9cution des Travaux \u2013 Suivi de chantier<\/span><\/span><\/h2>\t\t\t\t<\/div>\n\t\t\t\t<\/div>\n\t\t\t\t<div class=\"elementor-element elementor-element-42eea15 elementor-widget elementor-widget-text-editor\" data-id=\"42eea15\" data-element_type=\"widget\" data-e-type=\"widget\" data-widget_type=\"text-editor.default\">\n\t\t\t\t<div class=\"elementor-widget-container\">\n\t\t\t\t\t\t\t\t\t<p><span style=\"font-family: space grotesk,sans-serif;\">Nous organisons des r\u00e9unions de chantier hebdomadaires chaque semaine pendant toute la dur\u00e9e des travaux. Un compte-rendu de chantier sera r\u00e9alis\u00e9 apr\u00e8s chaque r\u00e9union hebdomadaire. Nous v\u00e9rifions les entreprises en suivant le planning convenu et \u00e9tablissons des certificats de paiement pour leur situation de travaux (factures).\u00a0<\/span><span style=\"font-family: space grotesk,sans-serif;\"><br \/><\/span><\/p>\t\t\t\t\t\t\t\t<\/div>\n\t\t\t\t<\/div>\n\t\t\t\t<div class=\"elementor-element elementor-element-c943c3f elementor-widget elementor-widget-heading\" data-id=\"c943c3f\" data-element_type=\"widget\" data-e-type=\"widget\" data-widget_type=\"heading.default\">\n\t\t\t\t<div class=\"elementor-widget-container\">\n\t\t\t\t\t<h2 class=\"elementor-heading-title elementor-size-default\"><span style=\"font-weight:bold\"><span style=\"font-family:space grotesk,sans-serif\">Assistance \u00e0 la r\u00e9ception<\/span><\/span><\/h2>\t\t\t\t<\/div>\n\t\t\t\t<\/div>\n\t\t\t\t<div class=\"elementor-element elementor-element-7b6fb55 elementor-widget elementor-widget-text-editor\" data-id=\"7b6fb55\" data-element_type=\"widget\" data-e-type=\"widget\" data-widget_type=\"text-editor.default\">\n\t\t\t\t<div class=\"elementor-widget-container\">\n\t\t\t\t\t\t\t\t\t<p><span style=\"font-family: space grotesk,sans-serif;\">Nous organisons des r\u00e9unions de r\u00e9ception de travaux avec la r\u00e9daction du proc\u00e8s-verbal de r\u00e9ception incluant les r\u00e9serves s\u2019il y a lieu. Suivi et lev\u00e9e des r\u00e9serves. Nous nous r\u00e9servons le droit de regrouper et r\u00e9organiser certaines de ces phases selon le caract\u00e8re du projet et quand le planning d\u00e9fini par les clients nous le demande.<\/span><span style=\"font-family: space grotesk,sans-serif;\"><br \/><\/span><\/p>\t\t\t\t\t\t\t\t<\/div>\n\t\t\t\t<\/div>\n\t\t\t\t<\/div>\n\t\t\t\t\t<\/div>\n\t\t\t\t<\/div>\n\t\t\t\t<\/div>\n\t\t","protected":false},"excerpt":{"rendered":"<p>NOS SERVICES 01 ETUDE Etude pr\u00e9liminaire et esquisse Premiers rendez-vous avec clients pour \u00e9tablir le cadre du projet, d\u00e9finir les besoins, le budget pr\u00e9visionnel, le planning. Relev\u00e9 de l\u2019existant. Mise au propre de relev\u00e9 de l\u2019existant, plans, coupes, fa\u00e7ades au format informatique et \u00e9ventuellement un mod\u00e8le de travail en 3D blanc. Production d\u2019un dossier esquisse [&hellip;]<\/p>\n","protected":false},"author":2,"featured_media":0,"parent":0,"menu_order":0,"comment_status":"closed","ping_status":"closed","template":"","meta":{"_themeisle_gutenberg_block_has_review":false,"footnotes":""},"class_list":["post-12","page","type-page","status-publish","hentry","entry"],"yoast_head":"<!-- This site is optimized with the Yoast SEO plugin v27.5 - https:\/\/yoast.com\/product\/yoast-seo-wordpress\/ -->\n<title>Mon CoCon | Services<\/title>\n<meta name=\"robots\" content=\"index, follow, max-snippet:-1, max-image-preview:large, max-video-preview:-1\" \/>\n<link rel=\"canonical\" href=\"https:\/\/moncocon.fr\/index.php\/services\/\" \/>\n<meta property=\"og:locale\" content=\"fr_FR\" \/>\n<meta property=\"og:type\" content=\"article\" \/>\n<meta property=\"og:title\" content=\"Mon CoCon | Services\" \/>\n<meta property=\"og:description\" content=\"NOS SERVICES 01 ETUDE Etude pr\u00e9liminaire et esquisse Premiers rendez-vous avec clients pour \u00e9tablir le cadre du projet, d\u00e9finir les besoins, le budget pr\u00e9visionnel, le planning. Relev\u00e9 de l\u2019existant. Mise au propre de relev\u00e9 de l\u2019existant, plans, coupes, fa\u00e7ades au format informatique et \u00e9ventuellement un mod\u00e8le de travail en 3D blanc. Production d\u2019un dossier esquisse [&hellip;]\" \/>\n<meta property=\"og:url\" content=\"https:\/\/moncocon.fr\/index.php\/services\/\" \/>\n<meta property=\"og:site_name\" content=\"Mon CoCon\" \/>\n<meta property=\"article:modified_time\" content=\"2024-11-26T08:02:22+00:00\" \/>\n<meta property=\"og:image\" content=\"https:\/\/moncocon.fr\/wp-content\/uploads\/2024\/08\/moncocon_logo.jpg\" \/>\n\t<meta property=\"og:image:width\" content=\"512\" \/>\n\t<meta property=\"og:image:height\" content=\"512\" \/>\n\t<meta property=\"og:image:type\" content=\"image\/jpeg\" \/>\n<meta name=\"twitter:card\" content=\"summary_large_image\" \/>\n<meta name=\"twitter:label1\" content=\"Dur\u00e9e de lecture estim\u00e9e\" \/>\n\t<meta name=\"twitter:data1\" content=\"3 minutes\" \/>\n<script type=\"application\/ld+json\" class=\"yoast-schema-graph\">{\"@context\":\"https:\\\/\\\/schema.org\",\"@graph\":[{\"@type\":\"WebPage\",\"@id\":\"https:\\\/\\\/moncocon.fr\\\/index.php\\\/services\\\/\",\"url\":\"https:\\\/\\\/moncocon.fr\\\/index.php\\\/services\\\/\",\"name\":\"Mon CoCon | Services\",\"isPartOf\":{\"@id\":\"https:\\\/\\\/moncocon.fr\\\/#website\"},\"datePublished\":\"2024-08-28T08:59:04+00:00\",\"dateModified\":\"2024-11-26T08:02:22+00:00\",\"breadcrumb\":{\"@id\":\"https:\\\/\\\/moncocon.fr\\\/index.php\\\/services\\\/#breadcrumb\"},\"inLanguage\":\"fr-FR\",\"potentialAction\":[{\"@type\":\"ReadAction\",\"target\":[\"https:\\\/\\\/moncocon.fr\\\/index.php\\\/services\\\/\"]}]},{\"@type\":\"BreadcrumbList\",\"@id\":\"https:\\\/\\\/moncocon.fr\\\/index.php\\\/services\\\/#breadcrumb\",\"itemListElement\":[{\"@type\":\"ListItem\",\"position\":1,\"name\":\"Accueil\",\"item\":\"https:\\\/\\\/moncocon.fr\\\/\"},{\"@type\":\"ListItem\",\"position\":2,\"name\":\"Services\"}]},{\"@type\":\"WebSite\",\"@id\":\"https:\\\/\\\/moncocon.fr\\\/#website\",\"url\":\"https:\\\/\\\/moncocon.fr\\\/\",\"name\":\"Mon CoCon\",\"description\":\"Ma\u00eetre d \u0153uvre sur Bordeaux\",\"publisher\":{\"@id\":\"https:\\\/\\\/moncocon.fr\\\/#organization\"},\"potentialAction\":[{\"@type\":\"SearchAction\",\"target\":{\"@type\":\"EntryPoint\",\"urlTemplate\":\"https:\\\/\\\/moncocon.fr\\\/?s={search_term_string}\"},\"query-input\":{\"@type\":\"PropertyValueSpecification\",\"valueRequired\":true,\"valueName\":\"search_term_string\"}}],\"inLanguage\":\"fr-FR\"},{\"@type\":\"Organization\",\"@id\":\"https:\\\/\\\/moncocon.fr\\\/#organization\",\"name\":\"Mon CoCon\",\"url\":\"https:\\\/\\\/moncocon.fr\\\/\",\"logo\":{\"@type\":\"ImageObject\",\"inLanguage\":\"fr-FR\",\"@id\":\"https:\\\/\\\/moncocon.fr\\\/#\\\/schema\\\/logo\\\/image\\\/\",\"url\":\"https:\\\/\\\/moncocon.fr\\\/wp-content\\\/uploads\\\/2024\\\/08\\\/moncocon_logo.jpg\",\"contentUrl\":\"https:\\\/\\\/moncocon.fr\\\/wp-content\\\/uploads\\\/2024\\\/08\\\/moncocon_logo.jpg\",\"width\":512,\"height\":512,\"caption\":\"Mon CoCon\"},\"image\":{\"@id\":\"https:\\\/\\\/moncocon.fr\\\/#\\\/schema\\\/logo\\\/image\\\/\"}}]}<\/script>\n<!-- \/ Yoast SEO plugin. -->","yoast_head_json":{"title":"Mon CoCon | Services","robots":{"index":"index","follow":"follow","max-snippet":"max-snippet:-1","max-image-preview":"max-image-preview:large","max-video-preview":"max-video-preview:-1"},"canonical":"https:\/\/moncocon.fr\/index.php\/services\/","og_locale":"fr_FR","og_type":"article","og_title":"Mon CoCon | Services","og_description":"NOS SERVICES 01 ETUDE Etude pr\u00e9liminaire et esquisse Premiers rendez-vous avec clients pour \u00e9tablir le cadre du projet, d\u00e9finir les besoins, le budget pr\u00e9visionnel, le planning. Relev\u00e9 de l\u2019existant. Mise au propre de relev\u00e9 de l\u2019existant, plans, coupes, fa\u00e7ades au format informatique et \u00e9ventuellement un mod\u00e8le de travail en 3D blanc. Production d\u2019un dossier esquisse [&hellip;]","og_url":"https:\/\/moncocon.fr\/index.php\/services\/","og_site_name":"Mon CoCon","article_modified_time":"2024-11-26T08:02:22+00:00","og_image":[{"width":512,"height":512,"url":"https:\/\/moncocon.fr\/wp-content\/uploads\/2024\/08\/moncocon_logo.jpg","type":"image\/jpeg"}],"twitter_card":"summary_large_image","twitter_misc":{"Dur\u00e9e de lecture estim\u00e9e":"3 minutes"},"schema":{"@context":"https:\/\/schema.org","@graph":[{"@type":"WebPage","@id":"https:\/\/moncocon.fr\/index.php\/services\/","url":"https:\/\/moncocon.fr\/index.php\/services\/","name":"Mon CoCon | Services","isPartOf":{"@id":"https:\/\/moncocon.fr\/#website"},"datePublished":"2024-08-28T08:59:04+00:00","dateModified":"2024-11-26T08:02:22+00:00","breadcrumb":{"@id":"https:\/\/moncocon.fr\/index.php\/services\/#breadcrumb"},"inLanguage":"fr-FR","potentialAction":[{"@type":"ReadAction","target":["https:\/\/moncocon.fr\/index.php\/services\/"]}]},{"@type":"BreadcrumbList","@id":"https:\/\/moncocon.fr\/index.php\/services\/#breadcrumb","itemListElement":[{"@type":"ListItem","position":1,"name":"Accueil","item":"https:\/\/moncocon.fr\/"},{"@type":"ListItem","position":2,"name":"Services"}]},{"@type":"WebSite","@id":"https:\/\/moncocon.fr\/#website","url":"https:\/\/moncocon.fr\/","name":"Mon CoCon","description":"Ma\u00eetre d \u0153uvre sur Bordeaux","publisher":{"@id":"https:\/\/moncocon.fr\/#organization"},"potentialAction":[{"@type":"SearchAction","target":{"@type":"EntryPoint","urlTemplate":"https:\/\/moncocon.fr\/?s={search_term_string}"},"query-input":{"@type":"PropertyValueSpecification","valueRequired":true,"valueName":"search_term_string"}}],"inLanguage":"fr-FR"},{"@type":"Organization","@id":"https:\/\/moncocon.fr\/#organization","name":"Mon CoCon","url":"https:\/\/moncocon.fr\/","logo":{"@type":"ImageObject","inLanguage":"fr-FR","@id":"https:\/\/moncocon.fr\/#\/schema\/logo\/image\/","url":"https:\/\/moncocon.fr\/wp-content\/uploads\/2024\/08\/moncocon_logo.jpg","contentUrl":"https:\/\/moncocon.fr\/wp-content\/uploads\/2024\/08\/moncocon_logo.jpg","width":512,"height":512,"caption":"Mon CoCon"},"image":{"@id":"https:\/\/moncocon.fr\/#\/schema\/logo\/image\/"}}]}},"_links":{"self":[{"href":"https:\/\/moncocon.fr\/index.php\/wp-json\/wp\/v2\/pages\/12","targetHints":{"allow":["GET"]}}],"collection":[{"href":"https:\/\/moncocon.fr\/index.php\/wp-json\/wp\/v2\/pages"}],"about":[{"href":"https:\/\/moncocon.fr\/index.php\/wp-json\/wp\/v2\/types\/page"}],"author":[{"embeddable":true,"href":"https:\/\/moncocon.fr\/index.php\/wp-json\/wp\/v2\/users\/2"}],"replies":[{"embeddable":true,"href":"https:\/\/moncocon.fr\/index.php\/wp-json\/wp\/v2\/comments?post=12"}],"version-history":[{"count":22,"href":"https:\/\/moncocon.fr\/index.php\/wp-json\/wp\/v2\/pages\/12\/revisions"}],"predecessor-version":[{"id":1504,"href":"https:\/\/moncocon.fr\/index.php\/wp-json\/wp\/v2\/pages\/12\/revisions\/1504"}],"wp:attachment":[{"href":"https:\/\/moncocon.fr\/index.php\/wp-json\/wp\/v2\/media?parent=12"}],"curies":[{"name":"wp","href":"https:\/\/api.w.org\/{rel}","templated":true}]}}