{"id":1138,"date":"2024-09-05T07:44:05","date_gmt":"2024-09-05T07:44:05","guid":{"rendered":"https:\/\/moncocon.fr\/?page_id=1138"},"modified":"2024-09-09T08:11:28","modified_gmt":"2024-09-09T08:11:28","slug":"projet-15","status":"publish","type":"page","link":"https:\/\/moncocon.fr\/index.php\/projet-15\/","title":{"rendered":"SURELEVATIONS"},"content":{"rendered":"\t\t<div data-elementor-type=\"wp-page\" data-elementor-id=\"1138\" class=\"elementor elementor-1138\">\n\t\t\t\t<div class=\"elementor-element elementor-element-2193920 elementor-hidden-tablet elementor-hidden-mobile e-flex e-con-boxed e-con e-parent\" data-id=\"2193920\" data-element_type=\"container\" data-e-type=\"container\">\n\t\t\t\t\t<div class=\"e-con-inner\">\n\t\t<div class=\"elementor-element elementor-element-7c33873 e-con-full e-flex e-con e-child\" data-id=\"7c33873\" data-element_type=\"container\" data-e-type=\"container\">\n\t\t\t\t<div class=\"elementor-element elementor-element-6eaaf26 elementor-widget elementor-widget-heading\" data-id=\"6eaaf26\" data-element_type=\"widget\" data-e-type=\"widget\" data-widget_type=\"heading.default\">\n\t\t\t\t<div class=\"elementor-widget-container\">\n\t\t\t\t\t<h1 class=\"elementor-heading-title elementor-size-default\">SURELEVATIONS<\/h1>\t\t\t\t<\/div>\n\t\t\t\t<\/div>\n\t\t\t\t<div class=\"elementor-element elementor-element-2eb9187 elementor-widget elementor-widget-heading\" data-id=\"2eb9187\" data-element_type=\"widget\" data-e-type=\"widget\" data-widget_type=\"heading.default\">\n\t\t\t\t<div class=\"elementor-widget-container\">\n\t\t\t\t\t<h2 class=\"elementor-heading-title elementor-size-default\">SURELEVATION<\/h2>\t\t\t\t<\/div>\n\t\t\t\t<\/div>\n\t\t\t\t<div class=\"elementor-element elementor-element-bf4343f elementor-widget elementor-widget-spacer\" data-id=\"bf4343f\" data-element_type=\"widget\" data-e-type=\"widget\" data-widget_type=\"spacer.default\">\n\t\t\t\t<div class=\"elementor-widget-container\">\n\t\t\t\t\t\t\t<div class=\"elementor-spacer\">\n\t\t\t<div class=\"elementor-spacer-inner\"><\/div>\n\t\t<\/div>\n\t\t\t\t\t\t<\/div>\n\t\t\t\t<\/div>\n\t\t<div class=\"elementor-element elementor-element-494583b e-con-full e-grid e-con e-child\" data-id=\"494583b\" data-element_type=\"container\" data-e-type=\"container\">\n\t\t\t\t<div class=\"elementor-element elementor-element-3bdbc59 elementor-widget__width-initial elementor-widget elementor-widget-heading\" data-id=\"3bdbc59\" data-element_type=\"widget\" data-e-type=\"widget\" data-widget_type=\"heading.default\">\n\t\t\t\t<div class=\"elementor-widget-container\">\n\t\t\t\t\t<h3 class=\"elementor-heading-title elementor-size-default\">MOA :<br><br>Type :<br><br>Surface :<br><br>Lieu :<br><br>Statut :<br><br>Co\u00fbt travaux :<\/h3>\t\t\t\t<\/div>\n\t\t\t\t<\/div>\n\t\t\t\t<div class=\"elementor-element elementor-element-ef27733 elementor-widget elementor-widget-heading\" data-id=\"ef27733\" data-element_type=\"widget\" data-e-type=\"widget\" data-widget_type=\"heading.default\">\n\t\t\t\t<div class=\"elementor-widget-container\">\n\t\t\t\t\t<h3 class=\"elementor-heading-title elementor-size-default\">Priv\u00e9e<br><br>Logement collectif<br><br>&gt; 25 m\u00b2<br><br>France<br><br>Livr\u00e9<br><br> \u20ac\/m\u00b2<\/h3>\t\t\t\t<\/div>\n\t\t\t\t<\/div>\n\t\t\t\t<\/div>\n\t\t\t\t<\/div>\n\t\t<div class=\"elementor-element elementor-element-729e794 e-con-full e-flex e-con e-child\" data-id=\"729e794\" data-element_type=\"container\" data-e-type=\"container\" data-settings=\"{&quot;background_background&quot;:&quot;classic&quot;}\">\n\t\t\t\t<\/div>\n\t\t<div class=\"elementor-element elementor-element-5814cf8 e-con-full e-flex e-con e-child\" data-id=\"5814cf8\" data-element_type=\"container\" data-e-type=\"container\">\n\t\t\t\t<div class=\"elementor-element elementor-element-cbaf31c elementor-widget elementor-widget-spacer\" data-id=\"cbaf31c\" data-element_type=\"widget\" data-e-type=\"widget\" data-widget_type=\"spacer.default\">\n\t\t\t\t<div class=\"elementor-widget-container\">\n\t\t\t\t\t\t\t<div class=\"elementor-spacer\">\n\t\t\t<div class=\"elementor-spacer-inner\"><\/div>\n\t\t<\/div>\n\t\t\t\t\t\t<\/div>\n\t\t\t\t<\/div>\n\t\t\t\t<div class=\"elementor-element elementor-element-2dbea17 elementor-widget elementor-widget-text-editor\" data-id=\"2dbea17\" data-element_type=\"widget\" data-e-type=\"widget\" data-widget_type=\"text-editor.default\">\n\t\t\t\t<div class=\"elementor-widget-container\">\n\t\t\t\t\t\t\t\t\t<p>Chez MON COCON, nous comprenons l\u2019importance d\u2019optimiser chaque m\u00e8tre carr\u00e9 de votre maison. La sur\u00e9l\u00e9vation est la solution id\u00e9ale pour agrandir votre espace de vie sans sacrifier votre terrain. Que vous souhaitiez cr\u00e9er une nouvelle chambre, un bureau ou un studio, notre \u00e9quipe d\u2019experts en architecture est \u00e0 vos c\u00f4t\u00e9s pour r\u00e9aliser votre projet de mani\u00e8re personnalis\u00e9e, fonctionnelle et esth\u00e9tique.\u00a0En augmentant la surface habitable, vous augmentez \u00e9galement la valeur de votre maison. Une sur\u00e9l\u00e9vation bien pens\u00e9e est un v\u00e9ritable atout sur le march\u00e9 immobilier. Voici quelques une de nos r\u00e9alisation de sur\u00e9l\u00e9vation.<\/p>\t\t\t\t\t\t\t\t<\/div>\n\t\t\t\t<\/div>\n\t\t\t\t<div class=\"elementor-element elementor-element-d284dc6 elementor-widget elementor-widget-spacer\" data-id=\"d284dc6\" data-element_type=\"widget\" data-e-type=\"widget\" data-widget_type=\"spacer.default\">\n\t\t\t\t<div class=\"elementor-widget-container\">\n\t\t\t\t\t\t\t<div class=\"elementor-spacer\">\n\t\t\t<div class=\"elementor-spacer-inner\"><\/div>\n\t\t<\/div>\n\t\t\t\t\t\t<\/div>\n\t\t\t\t<\/div>\n\t\t\t\t<\/div>\n\t\t\t\t\t<\/div>\n\t\t\t\t<\/div>\n\t\t<div class=\"elementor-element elementor-element-9168467 elementor-hidden-desktop e-flex e-con-boxed e-con e-parent\" data-id=\"9168467\" data-element_type=\"container\" data-e-type=\"container\">\n\t\t\t\t\t<div class=\"e-con-inner\">\n\t\t<div class=\"elementor-element elementor-element-2780280 e-con-full e-flex e-con e-child\" data-id=\"2780280\" data-element_type=\"container\" data-e-type=\"container\">\n\t\t\t\t<div class=\"elementor-element elementor-element-47c7b26 elementor-widget elementor-widget-image\" data-id=\"47c7b26\" data-element_type=\"widget\" data-e-type=\"widget\" data-widget_type=\"image.default\">\n\t\t\t\t<div class=\"elementor-widget-container\">\n\t\t\t\t\t\t\t\t\t\t\t\t\t\t\t<img decoding=\"async\" src=\"https:\/\/moncocon.fr\/wp-content\/plugins\/elementor\/assets\/images\/placeholder.png\" title=\"\" alt=\"\" loading=\"lazy\" \/>\t\t\t\t\t\t\t\t\t\t\t\t\t\t\t<\/div>\n\t\t\t\t<\/div>\n\t\t\t\t<\/div>\n\t\t\t\t\t<\/div>\n\t\t\t\t<\/div>\n\t\t<div class=\"elementor-element elementor-element-db8ad6a elementor-hidden-desktop e-flex e-con-boxed e-con e-parent\" data-id=\"db8ad6a\" data-element_type=\"container\" data-e-type=\"container\">\n\t\t\t\t\t<div class=\"e-con-inner\">\n\t\t<div class=\"elementor-element elementor-element-b7d09e0 e-con-full e-flex e-con e-child\" data-id=\"b7d09e0\" data-element_type=\"container\" data-e-type=\"container\">\n\t\t\t\t<div class=\"elementor-element elementor-element-1b9e60e elementor-widget elementor-widget-heading\" data-id=\"1b9e60e\" data-element_type=\"widget\" data-e-type=\"widget\" data-widget_type=\"heading.default\">\n\t\t\t\t<div class=\"elementor-widget-container\">\n\t\t\t\t\t<h1 class=\"elementor-heading-title elementor-size-default\">SURELEVATIONS<\/h1>\t\t\t\t<\/div>\n\t\t\t\t<\/div>\n\t\t\t\t<div class=\"elementor-element elementor-element-1bc4d36 elementor-widget elementor-widget-heading\" data-id=\"1bc4d36\" data-element_type=\"widget\" data-e-type=\"widget\" data-widget_type=\"heading.default\">\n\t\t\t\t<div class=\"elementor-widget-container\">\n\t\t\t\t\t<h2 class=\"elementor-heading-title elementor-size-default\">SURELEVATION<\/h2>\t\t\t\t<\/div>\n\t\t\t\t<\/div>\n\t\t\t\t<div class=\"elementor-element elementor-element-7585e6e elementor-widget elementor-widget-spacer\" data-id=\"7585e6e\" data-element_type=\"widget\" data-e-type=\"widget\" data-widget_type=\"spacer.default\">\n\t\t\t\t<div class=\"elementor-widget-container\">\n\t\t\t\t\t\t\t<div class=\"elementor-spacer\">\n\t\t\t<div class=\"elementor-spacer-inner\"><\/div>\n\t\t<\/div>\n\t\t\t\t\t\t<\/div>\n\t\t\t\t<\/div>\n\t\t\t\t<\/div>\n\t\t\t\t\t<\/div>\n\t\t\t\t<\/div>\n\t\t<div class=\"elementor-element elementor-element-43e6aa1 elementor-hidden-desktop e-flex e-con-boxed e-con e-parent\" data-id=\"43e6aa1\" data-element_type=\"container\" data-e-type=\"container\">\n\t\t\t\t\t<div class=\"e-con-inner\">\n\t\t<div class=\"elementor-element elementor-element-e0a44d4 e-con-full e-flex e-con e-child\" data-id=\"e0a44d4\" data-element_type=\"container\" data-e-type=\"container\">\n\t\t\t\t<div class=\"elementor-element elementor-element-464e546 elementor-widget__width-initial elementor-widget elementor-widget-heading\" data-id=\"464e546\" data-element_type=\"widget\" data-e-type=\"widget\" data-widget_type=\"heading.default\">\n\t\t\t\t<div class=\"elementor-widget-container\">\n\t\t\t\t\t<h3 class=\"elementor-heading-title elementor-size-default\">MOA :<br><br>Type :<br><br>Surface :<br><br>Lieu :<br><br>Statut :<br><br>Co\u00fbt travaux :<\/h3>\t\t\t\t<\/div>\n\t\t\t\t<\/div>\n\t\t\t\t<\/div>\n\t\t<div class=\"elementor-element elementor-element-ca5c82d e-con-full e-flex e-con e-child\" data-id=\"ca5c82d\" data-element_type=\"container\" data-e-type=\"container\">\n\t\t\t\t<div class=\"elementor-element elementor-element-9172bfa elementor-widget elementor-widget-heading\" data-id=\"9172bfa\" data-element_type=\"widget\" data-e-type=\"widget\" data-widget_type=\"heading.default\">\n\t\t\t\t<div class=\"elementor-widget-container\">\n\t\t\t\t\t<h3 class=\"elementor-heading-title elementor-size-default\">Priv\u00e9e<br><br>Logement collectif<br><br>&gt; 25 m\u00b2<br><br>France<br><br>Livr\u00e9<br><br> \u20ac\/m\u00b2<\/h3>\t\t\t\t<\/div>\n\t\t\t\t<\/div>\n\t\t\t\t<\/div>\n\t\t\t\t\t<\/div>\n\t\t\t\t<\/div>\n\t\t<div class=\"elementor-element elementor-element-8f877e2 e-flex e-con-boxed e-con e-parent\" data-id=\"8f877e2\" data-element_type=\"container\" data-e-type=\"container\">\n\t\t\t\t\t<div class=\"e-con-inner\">\n\t\t<div class=\"elementor-element elementor-element-a458454 e-con-full e-flex e-con e-child\" data-id=\"a458454\" data-element_type=\"container\" data-e-type=\"container\">\n\t\t\t\t<div class=\"elementor-element elementor-element-96be4ba elementor-widget elementor-widget-image\" data-id=\"96be4ba\" data-element_type=\"widget\" data-e-type=\"widget\" data-widget_type=\"image.default\">\n\t\t\t\t<div class=\"elementor-widget-container\">\n\t\t\t\t\t\t\t\t\t\t\t\t\t\t\t<img decoding=\"async\" src=\"https:\/\/moncocon.fr\/wp-content\/plugins\/elementor\/assets\/images\/placeholder.png\" title=\"\" alt=\"\" loading=\"lazy\" \/>\t\t\t\t\t\t\t\t\t\t\t\t\t\t\t<\/div>\n\t\t\t\t<\/div>\n\t\t\t\t<\/div>\n\t\t<div class=\"elementor-element elementor-element-b109673 e-con-full e-flex e-con e-child\" data-id=\"b109673\" data-element_type=\"container\" data-e-type=\"container\">\n\t\t\t\t<div class=\"elementor-element elementor-element-df077e9 elementor-widget elementor-widget-image\" data-id=\"df077e9\" data-element_type=\"widget\" data-e-type=\"widget\" data-widget_type=\"image.default\">\n\t\t\t\t<div class=\"elementor-widget-container\">\n\t\t\t\t\t\t\t\t\t\t\t\t\t\t\t<img decoding=\"async\" src=\"https:\/\/moncocon.fr\/wp-content\/plugins\/elementor\/assets\/images\/placeholder.png\" title=\"\" alt=\"\" loading=\"lazy\" \/>\t\t\t\t\t\t\t\t\t\t\t\t\t\t\t<\/div>\n\t\t\t\t<\/div>\n\t\t\t\t<\/div>\n\t\t<div class=\"elementor-element elementor-element-42eee4a e-con-full e-flex e-con e-child\" data-id=\"42eee4a\" data-element_type=\"container\" data-e-type=\"container\">\n\t\t\t\t<div class=\"elementor-element elementor-element-5272491 elementor-widget elementor-widget-image\" data-id=\"5272491\" data-element_type=\"widget\" data-e-type=\"widget\" data-widget_type=\"image.default\">\n\t\t\t\t<div class=\"elementor-widget-container\">\n\t\t\t\t\t\t\t\t\t\t\t\t\t\t\t<img decoding=\"async\" src=\"https:\/\/moncocon.fr\/wp-content\/plugins\/elementor\/assets\/images\/placeholder.png\" title=\"\" alt=\"\" loading=\"lazy\" \/>\t\t\t\t\t\t\t\t\t\t\t\t\t\t\t<\/div>\n\t\t\t\t<\/div>\n\t\t\t\t<\/div>\n\t\t<div class=\"elementor-element elementor-element-5245bd4 e-con-full e-flex e-con e-child\" data-id=\"5245bd4\" data-element_type=\"container\" data-e-type=\"container\">\n\t\t\t\t<div class=\"elementor-element elementor-element-7dc6d0c elementor-widget elementor-widget-image\" data-id=\"7dc6d0c\" data-element_type=\"widget\" data-e-type=\"widget\" data-widget_type=\"image.default\">\n\t\t\t\t<div class=\"elementor-widget-container\">\n\t\t\t\t\t\t\t\t\t\t\t\t\t\t\t<img decoding=\"async\" src=\"https:\/\/moncocon.fr\/wp-content\/plugins\/elementor\/assets\/images\/placeholder.png\" title=\"\" alt=\"\" loading=\"lazy\" \/>\t\t\t\t\t\t\t\t\t\t\t\t\t\t\t<\/div>\n\t\t\t\t<\/div>\n\t\t\t\t<\/div>\n\t\t\t\t\t<\/div>\n\t\t\t\t<\/div>\n\t\t\t\t<\/div>\n\t\t","protected":false},"excerpt":{"rendered":"<p>SURELEVATIONS SURELEVATION MOA : Type : Surface : Lieu : Statut : Co\u00fbt travaux : Priv\u00e9e Logement collectif &gt; 25 m\u00b2 France Livr\u00e9 \u20ac\/m\u00b2 Chez MON COCON, nous comprenons l\u2019importance d\u2019optimiser chaque m\u00e8tre carr\u00e9 de votre maison. La sur\u00e9l\u00e9vation est la solution id\u00e9ale pour agrandir votre espace de vie sans sacrifier votre terrain. Que vous [&hellip;]<\/p>\n","protected":false},"author":2,"featured_media":0,"parent":0,"menu_order":0,"comment_status":"closed","ping_status":"closed","template":"","meta":{"_themeisle_gutenberg_block_has_review":false,"footnotes":""},"class_list":["post-1138","page","type-page","status-publish","hentry","entry"],"yoast_head":"<!-- This site is optimized with the Yoast SEO plugin v27.5 - https:\/\/yoast.com\/product\/yoast-seo-wordpress\/ -->\n<title>SURELEVATIONS | Mon CoCon<\/title>\n<meta name=\"robots\" content=\"index, follow, max-snippet:-1, max-image-preview:large, max-video-preview:-1\" \/>\n<link rel=\"canonical\" href=\"https:\/\/moncocon.fr\/index.php\/projet-15\/\" \/>\n<meta property=\"og:locale\" content=\"fr_FR\" \/>\n<meta property=\"og:type\" content=\"article\" \/>\n<meta property=\"og:title\" content=\"SURELEVATIONS | Mon CoCon\" \/>\n<meta property=\"og:description\" content=\"SURELEVATIONS SURELEVATION MOA : Type : Surface : Lieu : Statut : Co\u00fbt travaux : Priv\u00e9e Logement collectif &gt; 25 m\u00b2 France Livr\u00e9 \u20ac\/m\u00b2 Chez MON COCON, nous comprenons l\u2019importance d\u2019optimiser chaque m\u00e8tre carr\u00e9 de votre maison. La sur\u00e9l\u00e9vation est la solution id\u00e9ale pour agrandir votre espace de vie sans sacrifier votre terrain. Que vous [&hellip;]\" \/>\n<meta property=\"og:url\" content=\"https:\/\/moncocon.fr\/index.php\/projet-15\/\" \/>\n<meta property=\"og:site_name\" content=\"Mon CoCon\" \/>\n<meta property=\"article:modified_time\" content=\"2024-09-09T08:11:28+00:00\" \/>\n<meta property=\"og:image\" content=\"https:\/\/moncocon.fr\/wp-content\/plugins\/elementor\/assets\/images\/placeholder.png\" \/>\n<meta name=\"twitter:card\" content=\"summary_large_image\" \/>\n<meta name=\"twitter:label1\" content=\"Dur\u00e9e de lecture estim\u00e9e\" \/>\n\t<meta name=\"twitter:data1\" content=\"2 minutes\" \/>\n<script type=\"application\/ld+json\" class=\"yoast-schema-graph\">{\"@context\":\"https:\\\/\\\/schema.org\",\"@graph\":[{\"@type\":\"WebPage\",\"@id\":\"https:\\\/\\\/moncocon.fr\\\/index.php\\\/projet-15\\\/\",\"url\":\"https:\\\/\\\/moncocon.fr\\\/index.php\\\/projet-15\\\/\",\"name\":\"SURELEVATIONS | Mon CoCon\",\"isPartOf\":{\"@id\":\"https:\\\/\\\/moncocon.fr\\\/#website\"},\"primaryImageOfPage\":{\"@id\":\"https:\\\/\\\/moncocon.fr\\\/index.php\\\/projet-15\\\/#primaryimage\"},\"image\":{\"@id\":\"https:\\\/\\\/moncocon.fr\\\/index.php\\\/projet-15\\\/#primaryimage\"},\"thumbnailUrl\":\"https:\\\/\\\/moncocon.fr\\\/wp-content\\\/plugins\\\/elementor\\\/assets\\\/images\\\/placeholder.png\",\"datePublished\":\"2024-09-05T07:44:05+00:00\",\"dateModified\":\"2024-09-09T08:11:28+00:00\",\"breadcrumb\":{\"@id\":\"https:\\\/\\\/moncocon.fr\\\/index.php\\\/projet-15\\\/#breadcrumb\"},\"inLanguage\":\"fr-FR\",\"potentialAction\":[{\"@type\":\"ReadAction\",\"target\":[\"https:\\\/\\\/moncocon.fr\\\/index.php\\\/projet-15\\\/\"]}]},{\"@type\":\"ImageObject\",\"inLanguage\":\"fr-FR\",\"@id\":\"https:\\\/\\\/moncocon.fr\\\/index.php\\\/projet-15\\\/#primaryimage\",\"url\":\"https:\\\/\\\/moncocon.fr\\\/wp-content\\\/plugins\\\/elementor\\\/assets\\\/images\\\/placeholder.png\",\"contentUrl\":\"https:\\\/\\\/moncocon.fr\\\/wp-content\\\/plugins\\\/elementor\\\/assets\\\/images\\\/placeholder.png\"},{\"@type\":\"BreadcrumbList\",\"@id\":\"https:\\\/\\\/moncocon.fr\\\/index.php\\\/projet-15\\\/#breadcrumb\",\"itemListElement\":[{\"@type\":\"ListItem\",\"position\":1,\"name\":\"Accueil\",\"item\":\"https:\\\/\\\/moncocon.fr\\\/\"},{\"@type\":\"ListItem\",\"position\":2,\"name\":\"SURELEVATIONS\"}]},{\"@type\":\"WebSite\",\"@id\":\"https:\\\/\\\/moncocon.fr\\\/#website\",\"url\":\"https:\\\/\\\/moncocon.fr\\\/\",\"name\":\"Mon CoCon\",\"description\":\"Ma\u00eetre d \u0153uvre sur Bordeaux\",\"publisher\":{\"@id\":\"https:\\\/\\\/moncocon.fr\\\/#organization\"},\"potentialAction\":[{\"@type\":\"SearchAction\",\"target\":{\"@type\":\"EntryPoint\",\"urlTemplate\":\"https:\\\/\\\/moncocon.fr\\\/?s={search_term_string}\"},\"query-input\":{\"@type\":\"PropertyValueSpecification\",\"valueRequired\":true,\"valueName\":\"search_term_string\"}}],\"inLanguage\":\"fr-FR\"},{\"@type\":\"Organization\",\"@id\":\"https:\\\/\\\/moncocon.fr\\\/#organization\",\"name\":\"Mon CoCon\",\"url\":\"https:\\\/\\\/moncocon.fr\\\/\",\"logo\":{\"@type\":\"ImageObject\",\"inLanguage\":\"fr-FR\",\"@id\":\"https:\\\/\\\/moncocon.fr\\\/#\\\/schema\\\/logo\\\/image\\\/\",\"url\":\"https:\\\/\\\/moncocon.fr\\\/wp-content\\\/uploads\\\/2024\\\/08\\\/moncocon_logo.jpg\",\"contentUrl\":\"https:\\\/\\\/moncocon.fr\\\/wp-content\\\/uploads\\\/2024\\\/08\\\/moncocon_logo.jpg\",\"width\":512,\"height\":512,\"caption\":\"Mon CoCon\"},\"image\":{\"@id\":\"https:\\\/\\\/moncocon.fr\\\/#\\\/schema\\\/logo\\\/image\\\/\"}}]}<\/script>\n<!-- \/ Yoast SEO plugin. -->","yoast_head_json":{"title":"SURELEVATIONS | Mon CoCon","robots":{"index":"index","follow":"follow","max-snippet":"max-snippet:-1","max-image-preview":"max-image-preview:large","max-video-preview":"max-video-preview:-1"},"canonical":"https:\/\/moncocon.fr\/index.php\/projet-15\/","og_locale":"fr_FR","og_type":"article","og_title":"SURELEVATIONS | Mon CoCon","og_description":"SURELEVATIONS SURELEVATION MOA : Type : Surface : Lieu : Statut : Co\u00fbt travaux : Priv\u00e9e Logement collectif &gt; 25 m\u00b2 France Livr\u00e9 \u20ac\/m\u00b2 Chez MON COCON, nous comprenons l\u2019importance d\u2019optimiser chaque m\u00e8tre carr\u00e9 de votre maison. La sur\u00e9l\u00e9vation est la solution id\u00e9ale pour agrandir votre espace de vie sans sacrifier votre terrain. Que vous [&hellip;]","og_url":"https:\/\/moncocon.fr\/index.php\/projet-15\/","og_site_name":"Mon CoCon","article_modified_time":"2024-09-09T08:11:28+00:00","og_image":[{"url":"https:\/\/moncocon.fr\/wp-content\/plugins\/elementor\/assets\/images\/placeholder.png","type":"","width":"","height":""}],"twitter_card":"summary_large_image","twitter_misc":{"Dur\u00e9e de lecture estim\u00e9e":"2 minutes"},"schema":{"@context":"https:\/\/schema.org","@graph":[{"@type":"WebPage","@id":"https:\/\/moncocon.fr\/index.php\/projet-15\/","url":"https:\/\/moncocon.fr\/index.php\/projet-15\/","name":"SURELEVATIONS | Mon CoCon","isPartOf":{"@id":"https:\/\/moncocon.fr\/#website"},"primaryImageOfPage":{"@id":"https:\/\/moncocon.fr\/index.php\/projet-15\/#primaryimage"},"image":{"@id":"https:\/\/moncocon.fr\/index.php\/projet-15\/#primaryimage"},"thumbnailUrl":"https:\/\/moncocon.fr\/wp-content\/plugins\/elementor\/assets\/images\/placeholder.png","datePublished":"2024-09-05T07:44:05+00:00","dateModified":"2024-09-09T08:11:28+00:00","breadcrumb":{"@id":"https:\/\/moncocon.fr\/index.php\/projet-15\/#breadcrumb"},"inLanguage":"fr-FR","potentialAction":[{"@type":"ReadAction","target":["https:\/\/moncocon.fr\/index.php\/projet-15\/"]}]},{"@type":"ImageObject","inLanguage":"fr-FR","@id":"https:\/\/moncocon.fr\/index.php\/projet-15\/#primaryimage","url":"https:\/\/moncocon.fr\/wp-content\/plugins\/elementor\/assets\/images\/placeholder.png","contentUrl":"https:\/\/moncocon.fr\/wp-content\/plugins\/elementor\/assets\/images\/placeholder.png"},{"@type":"BreadcrumbList","@id":"https:\/\/moncocon.fr\/index.php\/projet-15\/#breadcrumb","itemListElement":[{"@type":"ListItem","position":1,"name":"Accueil","item":"https:\/\/moncocon.fr\/"},{"@type":"ListItem","position":2,"name":"SURELEVATIONS"}]},{"@type":"WebSite","@id":"https:\/\/moncocon.fr\/#website","url":"https:\/\/moncocon.fr\/","name":"Mon CoCon","description":"Ma\u00eetre d \u0153uvre sur Bordeaux","publisher":{"@id":"https:\/\/moncocon.fr\/#organization"},"potentialAction":[{"@type":"SearchAction","target":{"@type":"EntryPoint","urlTemplate":"https:\/\/moncocon.fr\/?s={search_term_string}"},"query-input":{"@type":"PropertyValueSpecification","valueRequired":true,"valueName":"search_term_string"}}],"inLanguage":"fr-FR"},{"@type":"Organization","@id":"https:\/\/moncocon.fr\/#organization","name":"Mon CoCon","url":"https:\/\/moncocon.fr\/","logo":{"@type":"ImageObject","inLanguage":"fr-FR","@id":"https:\/\/moncocon.fr\/#\/schema\/logo\/image\/","url":"https:\/\/moncocon.fr\/wp-content\/uploads\/2024\/08\/moncocon_logo.jpg","contentUrl":"https:\/\/moncocon.fr\/wp-content\/uploads\/2024\/08\/moncocon_logo.jpg","width":512,"height":512,"caption":"Mon CoCon"},"image":{"@id":"https:\/\/moncocon.fr\/#\/schema\/logo\/image\/"}}]}},"_links":{"self":[{"href":"https:\/\/moncocon.fr\/index.php\/wp-json\/wp\/v2\/pages\/1138","targetHints":{"allow":["GET"]}}],"collection":[{"href":"https:\/\/moncocon.fr\/index.php\/wp-json\/wp\/v2\/pages"}],"about":[{"href":"https:\/\/moncocon.fr\/index.php\/wp-json\/wp\/v2\/types\/page"}],"author":[{"embeddable":true,"href":"https:\/\/moncocon.fr\/index.php\/wp-json\/wp\/v2\/users\/2"}],"replies":[{"embeddable":true,"href":"https:\/\/moncocon.fr\/index.php\/wp-json\/wp\/v2\/comments?post=1138"}],"version-history":[{"count":26,"href":"https:\/\/moncocon.fr\/index.php\/wp-json\/wp\/v2\/pages\/1138\/revisions"}],"predecessor-version":[{"id":1397,"href":"https:\/\/moncocon.fr\/index.php\/wp-json\/wp\/v2\/pages\/1138\/revisions\/1397"}],"wp:attachment":[{"href":"https:\/\/moncocon.fr\/index.php\/wp-json\/wp\/v2\/media?parent=1138"}],"curies":[{"name":"wp","href":"https:\/\/api.w.org\/{rel}","templated":true}]}}