{"id":1136,"date":"2024-09-05T07:43:52","date_gmt":"2024-09-05T07:43:52","guid":{"rendered":"https:\/\/moncocon.fr\/?page_id=1136"},"modified":"2024-09-09T07:38:04","modified_gmt":"2024-09-09T07:38:04","slug":"projet-bureaux","status":"publish","type":"page","link":"https:\/\/moncocon.fr\/index.php\/projet-bureaux\/","title":{"rendered":"Projet Bureaux"},"content":{"rendered":"\t\t<div data-elementor-type=\"wp-page\" data-elementor-id=\"1136\" class=\"elementor elementor-1136\">\n\t\t\t\t<div class=\"elementor-element elementor-element-fab687b elementor-hidden-tablet elementor-hidden-mobile e-flex e-con-boxed e-con e-parent\" data-id=\"fab687b\" data-element_type=\"container\" data-e-type=\"container\">\n\t\t\t\t\t<div class=\"e-con-inner\">\n\t\t<div class=\"elementor-element elementor-element-5070fae e-con-full e-flex e-con e-child\" data-id=\"5070fae\" data-element_type=\"container\" data-e-type=\"container\">\n\t\t\t\t<div class=\"elementor-element elementor-element-745d8bb elementor-widget elementor-widget-heading\" data-id=\"745d8bb\" data-element_type=\"widget\" data-e-type=\"widget\" data-widget_type=\"heading.default\">\n\t\t\t\t<div class=\"elementor-widget-container\">\n\t\t\t\t\t<h1 class=\"elementor-heading-title elementor-size-default\">BUREAUX<\/h1>\t\t\t\t<\/div>\n\t\t\t\t<\/div>\n\t\t\t\t<div class=\"elementor-element elementor-element-dd5723f elementor-widget elementor-widget-heading\" data-id=\"dd5723f\" data-element_type=\"widget\" data-e-type=\"widget\" data-widget_type=\"heading.default\">\n\t\t\t\t<div class=\"elementor-widget-container\">\n\t\t\t\t\t<h2 class=\"elementor-heading-title elementor-size-default\">RENOVATION<\/h2>\t\t\t\t<\/div>\n\t\t\t\t<\/div>\n\t\t\t\t<div class=\"elementor-element elementor-element-c84b04c elementor-widget elementor-widget-spacer\" data-id=\"c84b04c\" data-element_type=\"widget\" data-e-type=\"widget\" data-widget_type=\"spacer.default\">\n\t\t\t\t<div class=\"elementor-widget-container\">\n\t\t\t\t\t\t\t<div class=\"elementor-spacer\">\n\t\t\t<div class=\"elementor-spacer-inner\"><\/div>\n\t\t<\/div>\n\t\t\t\t\t\t<\/div>\n\t\t\t\t<\/div>\n\t\t<div class=\"elementor-element elementor-element-5815d69 e-con-full e-grid e-con e-child\" data-id=\"5815d69\" data-element_type=\"container\" data-e-type=\"container\">\n\t\t\t\t<div class=\"elementor-element elementor-element-669e7be elementor-widget__width-initial elementor-widget elementor-widget-heading\" data-id=\"669e7be\" data-element_type=\"widget\" data-e-type=\"widget\" data-widget_type=\"heading.default\">\n\t\t\t\t<div class=\"elementor-widget-container\">\n\t\t\t\t\t<h3 class=\"elementor-heading-title elementor-size-default\">MOA :<br><br>Type :<br><br>Surface :<br><br>Lieu :<br><br>Statut :<br><br>Co\u00fbt travaux :<\/h3>\t\t\t\t<\/div>\n\t\t\t\t<\/div>\n\t\t\t\t<div class=\"elementor-element elementor-element-a52ead3 elementor-widget elementor-widget-heading\" data-id=\"a52ead3\" data-element_type=\"widget\" data-e-type=\"widget\" data-widget_type=\"heading.default\">\n\t\t\t\t<div class=\"elementor-widget-container\">\n\t\t\t\t\t<h3 class=\"elementor-heading-title elementor-size-default\">Professionnelle<br><br>Bureaux<br><br>&gt; 50 m\u00b2<br><br>France<br><br>Livr\u00e9<br><br> \u20ac\/m\u00b2<\/h3>\t\t\t\t<\/div>\n\t\t\t\t<\/div>\n\t\t\t\t<\/div>\n\t\t\t\t<\/div>\n\t\t<div class=\"elementor-element elementor-element-b62e16e e-con-full e-flex e-con e-child\" data-id=\"b62e16e\" data-element_type=\"container\" data-e-type=\"container\" data-settings=\"{&quot;background_background&quot;:&quot;classic&quot;}\">\n\t\t\t\t<\/div>\n\t\t<div class=\"elementor-element elementor-element-1ff9921 e-con-full e-flex e-con e-child\" data-id=\"1ff9921\" data-element_type=\"container\" data-e-type=\"container\">\n\t\t\t\t<div class=\"elementor-element elementor-element-8851e44 elementor-widget elementor-widget-spacer\" data-id=\"8851e44\" data-element_type=\"widget\" data-e-type=\"widget\" data-widget_type=\"spacer.default\">\n\t\t\t\t<div class=\"elementor-widget-container\">\n\t\t\t\t\t\t\t<div class=\"elementor-spacer\">\n\t\t\t<div class=\"elementor-spacer-inner\"><\/div>\n\t\t<\/div>\n\t\t\t\t\t\t<\/div>\n\t\t\t\t<\/div>\n\t\t\t\t<div class=\"elementor-element elementor-element-81b33e2 elementor-widget elementor-widget-text-editor\" data-id=\"81b33e2\" data-element_type=\"widget\" data-e-type=\"widget\" data-widget_type=\"text-editor.default\">\n\t\t\t\t<div class=\"elementor-widget-container\">\n\t\t\t\t\t\t\t\t\t<p>Chez MON COCON, nous croyons que l\u2019environnement de travail est un facteur cl\u00e9 de la performance et du bien-\u00eatre des \u00e9quipes. C\u2019est pourquoi nous nous engageons \u00e0 transformer vos bureaux en de v\u00e9ritables leviers de productivit\u00e9 et de confort. Nos experts en architecture et design travaillent en \u00e9troite collaboration avec vous pour comprendre les sp\u00e9cificit\u00e9s de votre activit\u00e9, vos attentes ainsi que la culture de votre entreprise.\u00a0Faites de vos bureaux un atout strat\u00e9gique avec MON COCON, et offrez \u00e0 vos \u00e9quipes un environnement de travail o\u00f9 performance rime avec bien-\u00eatre.<\/p>\t\t\t\t\t\t\t\t<\/div>\n\t\t\t\t<\/div>\n\t\t\t\t<div class=\"elementor-element elementor-element-9d89612 elementor-widget elementor-widget-spacer\" data-id=\"9d89612\" data-element_type=\"widget\" data-e-type=\"widget\" data-widget_type=\"spacer.default\">\n\t\t\t\t<div class=\"elementor-widget-container\">\n\t\t\t\t\t\t\t<div class=\"elementor-spacer\">\n\t\t\t<div class=\"elementor-spacer-inner\"><\/div>\n\t\t<\/div>\n\t\t\t\t\t\t<\/div>\n\t\t\t\t<\/div>\n\t\t\t\t<\/div>\n\t\t\t\t\t<\/div>\n\t\t\t\t<\/div>\n\t\t<div class=\"elementor-element elementor-element-a82517c elementor-hidden-desktop e-flex e-con-boxed e-con e-parent\" data-id=\"a82517c\" data-element_type=\"container\" data-e-type=\"container\">\n\t\t\t\t\t<div class=\"e-con-inner\">\n\t\t<div class=\"elementor-element elementor-element-2585043 e-con-full e-flex e-con e-child\" data-id=\"2585043\" data-element_type=\"container\" data-e-type=\"container\">\n\t\t\t\t<div class=\"elementor-element elementor-element-6f4fe93 elementor-widget elementor-widget-image\" data-id=\"6f4fe93\" data-element_type=\"widget\" data-e-type=\"widget\" data-widget_type=\"image.default\">\n\t\t\t\t<div class=\"elementor-widget-container\">\n\t\t\t\t\t\t\t\t\t\t\t\t\t\t\t<img decoding=\"async\" src=\"https:\/\/moncocon.fr\/wp-content\/plugins\/elementor\/assets\/images\/placeholder.png\" title=\"\" alt=\"\" loading=\"lazy\" \/>\t\t\t\t\t\t\t\t\t\t\t\t\t\t\t<\/div>\n\t\t\t\t<\/div>\n\t\t\t\t<\/div>\n\t\t\t\t\t<\/div>\n\t\t\t\t<\/div>\n\t\t<div class=\"elementor-element elementor-element-122bf54 elementor-hidden-desktop e-flex e-con-boxed e-con e-parent\" data-id=\"122bf54\" data-element_type=\"container\" data-e-type=\"container\">\n\t\t\t\t\t<div class=\"e-con-inner\">\n\t\t<div class=\"elementor-element elementor-element-cc6deb8 e-con-full e-flex e-con e-child\" data-id=\"cc6deb8\" data-element_type=\"container\" data-e-type=\"container\">\n\t\t\t\t<div class=\"elementor-element elementor-element-3d57dbc elementor-widget elementor-widget-heading\" data-id=\"3d57dbc\" data-element_type=\"widget\" data-e-type=\"widget\" data-widget_type=\"heading.default\">\n\t\t\t\t<div class=\"elementor-widget-container\">\n\t\t\t\t\t<h1 class=\"elementor-heading-title elementor-size-default\">BUREAUX<\/h1>\t\t\t\t<\/div>\n\t\t\t\t<\/div>\n\t\t\t\t<div class=\"elementor-element elementor-element-ff3e421 elementor-widget elementor-widget-heading\" data-id=\"ff3e421\" data-element_type=\"widget\" data-e-type=\"widget\" data-widget_type=\"heading.default\">\n\t\t\t\t<div class=\"elementor-widget-container\">\n\t\t\t\t\t<h2 class=\"elementor-heading-title elementor-size-default\">RENOVATION<\/h2>\t\t\t\t<\/div>\n\t\t\t\t<\/div>\n\t\t\t\t<div class=\"elementor-element elementor-element-c336240 elementor-widget elementor-widget-spacer\" data-id=\"c336240\" data-element_type=\"widget\" data-e-type=\"widget\" data-widget_type=\"spacer.default\">\n\t\t\t\t<div class=\"elementor-widget-container\">\n\t\t\t\t\t\t\t<div class=\"elementor-spacer\">\n\t\t\t<div class=\"elementor-spacer-inner\"><\/div>\n\t\t<\/div>\n\t\t\t\t\t\t<\/div>\n\t\t\t\t<\/div>\n\t\t\t\t<\/div>\n\t\t\t\t\t<\/div>\n\t\t\t\t<\/div>\n\t\t<div class=\"elementor-element elementor-element-4720a58 elementor-hidden-desktop e-flex e-con-boxed e-con e-parent\" data-id=\"4720a58\" data-element_type=\"container\" data-e-type=\"container\">\n\t\t\t\t\t<div class=\"e-con-inner\">\n\t\t<div class=\"elementor-element elementor-element-07d08ef e-con-full e-flex e-con e-child\" data-id=\"07d08ef\" data-element_type=\"container\" data-e-type=\"container\">\n\t\t\t\t<div class=\"elementor-element elementor-element-94caecf elementor-widget__width-initial elementor-widget elementor-widget-heading\" data-id=\"94caecf\" data-element_type=\"widget\" data-e-type=\"widget\" data-widget_type=\"heading.default\">\n\t\t\t\t<div class=\"elementor-widget-container\">\n\t\t\t\t\t<h3 class=\"elementor-heading-title elementor-size-default\">MOA :<br><br>Type :<br><br>Surface :<br><br>Lieu :<br><br>Statut :<br><br>Co\u00fbt travaux :<\/h3>\t\t\t\t<\/div>\n\t\t\t\t<\/div>\n\t\t\t\t<\/div>\n\t\t<div class=\"elementor-element elementor-element-2659f0c e-con-full e-flex e-con e-child\" data-id=\"2659f0c\" data-element_type=\"container\" data-e-type=\"container\">\n\t\t\t\t<div class=\"elementor-element elementor-element-f58d249 elementor-widget elementor-widget-heading\" data-id=\"f58d249\" data-element_type=\"widget\" data-e-type=\"widget\" data-widget_type=\"heading.default\">\n\t\t\t\t<div class=\"elementor-widget-container\">\n\t\t\t\t\t<h3 class=\"elementor-heading-title elementor-size-default\">Professionnelle<br><br>Bureaux<br><br>&gt; 50 m\u00b2<br><br>France<br><br>Livr\u00e9<br><br> \u20ac\/m\u00b2<\/h3>\t\t\t\t<\/div>\n\t\t\t\t<\/div>\n\t\t\t\t<\/div>\n\t\t\t\t\t<\/div>\n\t\t\t\t<\/div>\n\t\t<div class=\"elementor-element elementor-element-cff9040 e-flex e-con-boxed e-con e-parent\" data-id=\"cff9040\" data-element_type=\"container\" data-e-type=\"container\">\n\t\t\t\t\t<div class=\"e-con-inner\">\n\t\t<div class=\"elementor-element elementor-element-9baa6ed e-con-full e-flex e-con e-child\" data-id=\"9baa6ed\" data-element_type=\"container\" data-e-type=\"container\">\n\t\t\t\t<div class=\"elementor-element elementor-element-4dab5eb elementor-widget elementor-widget-image\" data-id=\"4dab5eb\" data-element_type=\"widget\" data-e-type=\"widget\" data-widget_type=\"image.default\">\n\t\t\t\t<div class=\"elementor-widget-container\">\n\t\t\t\t\t\t\t\t\t\t\t\t\t\t\t<img decoding=\"async\" src=\"https:\/\/moncocon.fr\/wp-content\/plugins\/elementor\/assets\/images\/placeholder.png\" title=\"\" alt=\"\" loading=\"lazy\" \/>\t\t\t\t\t\t\t\t\t\t\t\t\t\t\t<\/div>\n\t\t\t\t<\/div>\n\t\t\t\t<\/div>\n\t\t<div class=\"elementor-element elementor-element-fb2acd5 e-con-full e-flex e-con e-child\" data-id=\"fb2acd5\" data-element_type=\"container\" data-e-type=\"container\">\n\t\t\t\t<div class=\"elementor-element elementor-element-14c4e97 elementor-widget elementor-widget-image\" data-id=\"14c4e97\" data-element_type=\"widget\" data-e-type=\"widget\" data-widget_type=\"image.default\">\n\t\t\t\t<div class=\"elementor-widget-container\">\n\t\t\t\t\t\t\t\t\t\t\t\t\t\t\t<img decoding=\"async\" src=\"https:\/\/moncocon.fr\/wp-content\/plugins\/elementor\/assets\/images\/placeholder.png\" title=\"\" alt=\"\" loading=\"lazy\" \/>\t\t\t\t\t\t\t\t\t\t\t\t\t\t\t<\/div>\n\t\t\t\t<\/div>\n\t\t\t\t<\/div>\n\t\t<div class=\"elementor-element elementor-element-21e0948 e-con-full e-flex e-con e-child\" data-id=\"21e0948\" data-element_type=\"container\" data-e-type=\"container\">\n\t\t\t\t<div class=\"elementor-element elementor-element-b8825af elementor-widget elementor-widget-image\" data-id=\"b8825af\" data-element_type=\"widget\" data-e-type=\"widget\" data-widget_type=\"image.default\">\n\t\t\t\t<div class=\"elementor-widget-container\">\n\t\t\t\t\t\t\t\t\t\t\t\t\t\t\t<img decoding=\"async\" src=\"https:\/\/moncocon.fr\/wp-content\/plugins\/elementor\/assets\/images\/placeholder.png\" title=\"\" alt=\"\" loading=\"lazy\" \/>\t\t\t\t\t\t\t\t\t\t\t\t\t\t\t<\/div>\n\t\t\t\t<\/div>\n\t\t\t\t<\/div>\n\t\t<div class=\"elementor-element elementor-element-9c5cc08 e-con-full e-flex e-con e-child\" data-id=\"9c5cc08\" data-element_type=\"container\" data-e-type=\"container\">\n\t\t\t\t<div class=\"elementor-element elementor-element-9179d03 elementor-widget elementor-widget-image\" data-id=\"9179d03\" data-element_type=\"widget\" data-e-type=\"widget\" data-widget_type=\"image.default\">\n\t\t\t\t<div class=\"elementor-widget-container\">\n\t\t\t\t\t\t\t\t\t\t\t\t\t\t\t<img decoding=\"async\" src=\"https:\/\/moncocon.fr\/wp-content\/plugins\/elementor\/assets\/images\/placeholder.png\" title=\"\" alt=\"\" loading=\"lazy\" \/>\t\t\t\t\t\t\t\t\t\t\t\t\t\t\t<\/div>\n\t\t\t\t<\/div>\n\t\t\t\t<\/div>\n\t\t\t\t\t<\/div>\n\t\t\t\t<\/div>\n\t\t\t\t<\/div>\n\t\t","protected":false},"excerpt":{"rendered":"<p>BUREAUX RENOVATION MOA : Type : Surface : Lieu : Statut : Co\u00fbt travaux : Professionnelle Bureaux &gt; 50 m\u00b2 France Livr\u00e9 \u20ac\/m\u00b2 Chez MON COCON, nous croyons que l\u2019environnement de travail est un facteur cl\u00e9 de la performance et du bien-\u00eatre des \u00e9quipes. C\u2019est pourquoi nous nous engageons \u00e0 transformer vos bureaux en de [&hellip;]<\/p>\n","protected":false},"author":2,"featured_media":0,"parent":0,"menu_order":0,"comment_status":"closed","ping_status":"closed","template":"","meta":{"_themeisle_gutenberg_block_has_review":false,"footnotes":""},"class_list":["post-1136","page","type-page","status-publish","hentry","entry"],"yoast_head":"<!-- This site is optimized with the Yoast SEO plugin v27.5 - https:\/\/yoast.com\/product\/yoast-seo-wordpress\/ -->\n<title>Projet Bureaux | Mon CoCon<\/title>\n<meta name=\"robots\" content=\"index, follow, max-snippet:-1, max-image-preview:large, max-video-preview:-1\" \/>\n<link rel=\"canonical\" href=\"https:\/\/moncocon.fr\/index.php\/projet-bureaux\/\" \/>\n<meta property=\"og:locale\" content=\"fr_FR\" \/>\n<meta property=\"og:type\" content=\"article\" \/>\n<meta property=\"og:title\" content=\"Projet Bureaux | Mon CoCon\" \/>\n<meta property=\"og:description\" content=\"BUREAUX RENOVATION MOA : Type : Surface : Lieu : Statut : Co\u00fbt travaux : Professionnelle Bureaux &gt; 50 m\u00b2 France Livr\u00e9 \u20ac\/m\u00b2 Chez MON COCON, nous croyons que l\u2019environnement de travail est un facteur cl\u00e9 de la performance et du bien-\u00eatre des \u00e9quipes. C\u2019est pourquoi nous nous engageons \u00e0 transformer vos bureaux en de [&hellip;]\" \/>\n<meta property=\"og:url\" content=\"https:\/\/moncocon.fr\/index.php\/projet-bureaux\/\" \/>\n<meta property=\"og:site_name\" content=\"Mon CoCon\" \/>\n<meta property=\"article:modified_time\" content=\"2024-09-09T07:38:04+00:00\" \/>\n<meta property=\"og:image\" content=\"https:\/\/moncocon.fr\/wp-content\/plugins\/elementor\/assets\/images\/placeholder.png\" \/>\n<meta name=\"twitter:card\" content=\"summary_large_image\" \/>\n<meta name=\"twitter:label1\" content=\"Dur\u00e9e de lecture estim\u00e9e\" \/>\n\t<meta name=\"twitter:data1\" content=\"2 minutes\" \/>\n<script type=\"application\/ld+json\" class=\"yoast-schema-graph\">{\"@context\":\"https:\\\/\\\/schema.org\",\"@graph\":[{\"@type\":\"WebPage\",\"@id\":\"https:\\\/\\\/moncocon.fr\\\/index.php\\\/projet-bureaux\\\/\",\"url\":\"https:\\\/\\\/moncocon.fr\\\/index.php\\\/projet-bureaux\\\/\",\"name\":\"Projet Bureaux | Mon CoCon\",\"isPartOf\":{\"@id\":\"https:\\\/\\\/moncocon.fr\\\/#website\"},\"primaryImageOfPage\":{\"@id\":\"https:\\\/\\\/moncocon.fr\\\/index.php\\\/projet-bureaux\\\/#primaryimage\"},\"image\":{\"@id\":\"https:\\\/\\\/moncocon.fr\\\/index.php\\\/projet-bureaux\\\/#primaryimage\"},\"thumbnailUrl\":\"https:\\\/\\\/moncocon.fr\\\/wp-content\\\/plugins\\\/elementor\\\/assets\\\/images\\\/placeholder.png\",\"datePublished\":\"2024-09-05T07:43:52+00:00\",\"dateModified\":\"2024-09-09T07:38:04+00:00\",\"breadcrumb\":{\"@id\":\"https:\\\/\\\/moncocon.fr\\\/index.php\\\/projet-bureaux\\\/#breadcrumb\"},\"inLanguage\":\"fr-FR\",\"potentialAction\":[{\"@type\":\"ReadAction\",\"target\":[\"https:\\\/\\\/moncocon.fr\\\/index.php\\\/projet-bureaux\\\/\"]}]},{\"@type\":\"ImageObject\",\"inLanguage\":\"fr-FR\",\"@id\":\"https:\\\/\\\/moncocon.fr\\\/index.php\\\/projet-bureaux\\\/#primaryimage\",\"url\":\"https:\\\/\\\/moncocon.fr\\\/wp-content\\\/plugins\\\/elementor\\\/assets\\\/images\\\/placeholder.png\",\"contentUrl\":\"https:\\\/\\\/moncocon.fr\\\/wp-content\\\/plugins\\\/elementor\\\/assets\\\/images\\\/placeholder.png\"},{\"@type\":\"BreadcrumbList\",\"@id\":\"https:\\\/\\\/moncocon.fr\\\/index.php\\\/projet-bureaux\\\/#breadcrumb\",\"itemListElement\":[{\"@type\":\"ListItem\",\"position\":1,\"name\":\"Accueil\",\"item\":\"https:\\\/\\\/moncocon.fr\\\/\"},{\"@type\":\"ListItem\",\"position\":2,\"name\":\"Projet Bureaux\"}]},{\"@type\":\"WebSite\",\"@id\":\"https:\\\/\\\/moncocon.fr\\\/#website\",\"url\":\"https:\\\/\\\/moncocon.fr\\\/\",\"name\":\"Mon CoCon\",\"description\":\"Ma\u00eetre d \u0153uvre sur Bordeaux\",\"publisher\":{\"@id\":\"https:\\\/\\\/moncocon.fr\\\/#organization\"},\"potentialAction\":[{\"@type\":\"SearchAction\",\"target\":{\"@type\":\"EntryPoint\",\"urlTemplate\":\"https:\\\/\\\/moncocon.fr\\\/?s={search_term_string}\"},\"query-input\":{\"@type\":\"PropertyValueSpecification\",\"valueRequired\":true,\"valueName\":\"search_term_string\"}}],\"inLanguage\":\"fr-FR\"},{\"@type\":\"Organization\",\"@id\":\"https:\\\/\\\/moncocon.fr\\\/#organization\",\"name\":\"Mon CoCon\",\"url\":\"https:\\\/\\\/moncocon.fr\\\/\",\"logo\":{\"@type\":\"ImageObject\",\"inLanguage\":\"fr-FR\",\"@id\":\"https:\\\/\\\/moncocon.fr\\\/#\\\/schema\\\/logo\\\/image\\\/\",\"url\":\"https:\\\/\\\/moncocon.fr\\\/wp-content\\\/uploads\\\/2024\\\/08\\\/moncocon_logo.jpg\",\"contentUrl\":\"https:\\\/\\\/moncocon.fr\\\/wp-content\\\/uploads\\\/2024\\\/08\\\/moncocon_logo.jpg\",\"width\":512,\"height\":512,\"caption\":\"Mon CoCon\"},\"image\":{\"@id\":\"https:\\\/\\\/moncocon.fr\\\/#\\\/schema\\\/logo\\\/image\\\/\"}}]}<\/script>\n<!-- \/ Yoast SEO plugin. -->","yoast_head_json":{"title":"Projet Bureaux | Mon CoCon","robots":{"index":"index","follow":"follow","max-snippet":"max-snippet:-1","max-image-preview":"max-image-preview:large","max-video-preview":"max-video-preview:-1"},"canonical":"https:\/\/moncocon.fr\/index.php\/projet-bureaux\/","og_locale":"fr_FR","og_type":"article","og_title":"Projet Bureaux | Mon CoCon","og_description":"BUREAUX RENOVATION MOA : Type : Surface : Lieu : Statut : Co\u00fbt travaux : Professionnelle Bureaux &gt; 50 m\u00b2 France Livr\u00e9 \u20ac\/m\u00b2 Chez MON COCON, nous croyons que l\u2019environnement de travail est un facteur cl\u00e9 de la performance et du bien-\u00eatre des \u00e9quipes. C\u2019est pourquoi nous nous engageons \u00e0 transformer vos bureaux en de [&hellip;]","og_url":"https:\/\/moncocon.fr\/index.php\/projet-bureaux\/","og_site_name":"Mon CoCon","article_modified_time":"2024-09-09T07:38:04+00:00","og_image":[{"url":"https:\/\/moncocon.fr\/wp-content\/plugins\/elementor\/assets\/images\/placeholder.png","type":"","width":"","height":""}],"twitter_card":"summary_large_image","twitter_misc":{"Dur\u00e9e de lecture estim\u00e9e":"2 minutes"},"schema":{"@context":"https:\/\/schema.org","@graph":[{"@type":"WebPage","@id":"https:\/\/moncocon.fr\/index.php\/projet-bureaux\/","url":"https:\/\/moncocon.fr\/index.php\/projet-bureaux\/","name":"Projet Bureaux | Mon CoCon","isPartOf":{"@id":"https:\/\/moncocon.fr\/#website"},"primaryImageOfPage":{"@id":"https:\/\/moncocon.fr\/index.php\/projet-bureaux\/#primaryimage"},"image":{"@id":"https:\/\/moncocon.fr\/index.php\/projet-bureaux\/#primaryimage"},"thumbnailUrl":"https:\/\/moncocon.fr\/wp-content\/plugins\/elementor\/assets\/images\/placeholder.png","datePublished":"2024-09-05T07:43:52+00:00","dateModified":"2024-09-09T07:38:04+00:00","breadcrumb":{"@id":"https:\/\/moncocon.fr\/index.php\/projet-bureaux\/#breadcrumb"},"inLanguage":"fr-FR","potentialAction":[{"@type":"ReadAction","target":["https:\/\/moncocon.fr\/index.php\/projet-bureaux\/"]}]},{"@type":"ImageObject","inLanguage":"fr-FR","@id":"https:\/\/moncocon.fr\/index.php\/projet-bureaux\/#primaryimage","url":"https:\/\/moncocon.fr\/wp-content\/plugins\/elementor\/assets\/images\/placeholder.png","contentUrl":"https:\/\/moncocon.fr\/wp-content\/plugins\/elementor\/assets\/images\/placeholder.png"},{"@type":"BreadcrumbList","@id":"https:\/\/moncocon.fr\/index.php\/projet-bureaux\/#breadcrumb","itemListElement":[{"@type":"ListItem","position":1,"name":"Accueil","item":"https:\/\/moncocon.fr\/"},{"@type":"ListItem","position":2,"name":"Projet Bureaux"}]},{"@type":"WebSite","@id":"https:\/\/moncocon.fr\/#website","url":"https:\/\/moncocon.fr\/","name":"Mon CoCon","description":"Ma\u00eetre d \u0153uvre sur Bordeaux","publisher":{"@id":"https:\/\/moncocon.fr\/#organization"},"potentialAction":[{"@type":"SearchAction","target":{"@type":"EntryPoint","urlTemplate":"https:\/\/moncocon.fr\/?s={search_term_string}"},"query-input":{"@type":"PropertyValueSpecification","valueRequired":true,"valueName":"search_term_string"}}],"inLanguage":"fr-FR"},{"@type":"Organization","@id":"https:\/\/moncocon.fr\/#organization","name":"Mon CoCon","url":"https:\/\/moncocon.fr\/","logo":{"@type":"ImageObject","inLanguage":"fr-FR","@id":"https:\/\/moncocon.fr\/#\/schema\/logo\/image\/","url":"https:\/\/moncocon.fr\/wp-content\/uploads\/2024\/08\/moncocon_logo.jpg","contentUrl":"https:\/\/moncocon.fr\/wp-content\/uploads\/2024\/08\/moncocon_logo.jpg","width":512,"height":512,"caption":"Mon CoCon"},"image":{"@id":"https:\/\/moncocon.fr\/#\/schema\/logo\/image\/"}}]}},"_links":{"self":[{"href":"https:\/\/moncocon.fr\/index.php\/wp-json\/wp\/v2\/pages\/1136","targetHints":{"allow":["GET"]}}],"collection":[{"href":"https:\/\/moncocon.fr\/index.php\/wp-json\/wp\/v2\/pages"}],"about":[{"href":"https:\/\/moncocon.fr\/index.php\/wp-json\/wp\/v2\/types\/page"}],"author":[{"embeddable":true,"href":"https:\/\/moncocon.fr\/index.php\/wp-json\/wp\/v2\/users\/2"}],"replies":[{"embeddable":true,"href":"https:\/\/moncocon.fr\/index.php\/wp-json\/wp\/v2\/comments?post=1136"}],"version-history":[{"count":22,"href":"https:\/\/moncocon.fr\/index.php\/wp-json\/wp\/v2\/pages\/1136\/revisions"}],"predecessor-version":[{"id":1385,"href":"https:\/\/moncocon.fr\/index.php\/wp-json\/wp\/v2\/pages\/1136\/revisions\/1385"}],"wp:attachment":[{"href":"https:\/\/moncocon.fr\/index.php\/wp-json\/wp\/v2\/media?parent=1136"}],"curies":[{"name":"wp","href":"https:\/\/api.w.org\/{rel}","templated":true}]}}